{"id":39,"date":"2022-09-30T12:13:29","date_gmt":"2022-09-30T11:13:29","guid":{"rendered":"http:\/\/pink-hyena-985061.hostingersite.com\/?page_id=39"},"modified":"2023-01-19T14:03:29","modified_gmt":"2023-01-19T13:03:29","slug":"aviso-legal","status":"publish","type":"page","link":"https:\/\/siqua.cat\/es\/aviso-legal\/","title":{"rendered":"Aviso legal"},"content":{"rendered":"<p>En cumplimiento con lo que establece el art\u00edculo 10 de la Ley 34\/2002 de 11 de julio, de servicios de la Sociedad de la Informaci\u00f3n y el Comercio Electr\u00f3nico (LSSICE), se informa de los siguientes aspectos legales:<\/p>\n\n\n\n<h2 class=\"wp-block-heading\">Propiedad del sitio web<\/h2>\n\n\n\n<ul class=\"wp-block-list\">\n<li><strong>Titular<\/strong>: Lidia Blasco Casanellas<\/li>\n\n\n\n<li><strong>Nombre comercial<\/strong>: SIQUA<\/li>\n\n\n\n<li><strong>DNI<\/strong>: 77.120.995-V<\/li>\n\n\n\n<li><strong>Tel\u00e9fono<\/strong>: 688 733 911<\/li>\n\n\n\n<li><strong>Contacto<\/strong>: info@siqua.cat<\/li>\n<\/ul>\n\n\n\n<h2 class=\"wp-block-heading\">Condiciones generales de uso<\/h2>\n\n\n\n<h3 class=\"wp-block-heading\">Titular<\/h3>\n\n\n\n<p>Siqua, como titular y responsable del presente sitio web, pone a disposici\u00f3n de los usuarios este documento para dar cumplimiento a las obligaciones de la Ley 34\/2002, de Servicios de la Sociedad de la Informaci\u00f3n y del Comercio Electr\u00f3nico.<\/p>\n\n\n\n<h3 class=\"wp-block-heading\">Objeto<\/h3>\n\n\n\n<p>La p\u00e1gina web de Siqua tiene por objeto facilitar al p\u00fablico informaci\u00f3n sobre sus servicios de fisioterapia.<\/p>\n\n\n\n<h3 class=\"wp-block-heading\">Contenidos<\/h3>\n\n\n\n<p>Con el fin de mantener actualizada la informaci\u00f3n publicada en el portal web, los contenidos del mismo podr\u00e1n ser modificados, corregidos, eliminados o a\u00f1adidos en cualquier momento, por lo que ser\u00e1 conveniente comprobar su vigencia o exactitud acudiendo siempre a los textos de la p\u00e1gina web.<\/p>\n\n\n\n<p>El titular del sitio web se reserva la facultad de efectuar, en cualquier momento y sin necesidad de previo aviso, modificaciones y actualizaciones de la informaci\u00f3n contenida en su web o en la configuraci\u00f3n y presentaci\u00f3n de la misma.<\/p>\n\n\n\n<h3 class=\"wp-block-heading\">Aceptaci\u00f3n<\/h3>\n\n\n\n<p>El uso de cualquiera de las funcionalidades del sitio web implica la expresa y plena aceptaci\u00f3n de las condiciones aqu\u00ed expuestas, sin perjuicio de aquellas particulares que puedan aplicarse a algunos de los servicios concretos ofrecidos a trav\u00e9s del sitio web.<\/p>\n\n\n\n<h2 class=\"wp-block-heading\">Acceso a la p\u00e1gina web<\/h2>\n\n\n\n<p>Como se detall\u00f3 anteriormente, el acceso a la web de Siqua es responsabilidad exclusiva de los usuarios y supone aceptar y conocer el aviso legal, la pol\u00edtica de cookies y la pol\u00edtica de privacidad, as\u00ed como los t\u00e9rminos y condiciones de uso.<\/p>\n\n\n\n<h3 class=\"wp-block-heading\">Acceso gratuito<\/h3>\n\n\n\n<p>El acceso a la p\u00e1gina web para los usuarios tiene car\u00e1cter gratuito, salvo que se refiera al coste de la conexi\u00f3n a Internet suministrada por el Proveedor de acceso a Internet (ISP) contratado por su cuenta.<\/p>\n\n\n\n<h2 class=\"wp-block-heading\">Reservas<\/h2>\n\n\n\n<p>Si el usuario desea realizar una reserva de sesi\u00f3n de fisioterapia, ser\u00e1 redirigido a la pasarela de pago Stripe, tal y como se indica en nuestra Pol\u00edtica de Privacidad.<\/p>\n\n\n\n<h2 class=\"wp-block-heading\">Condiciones generales de uso<\/h2>\n\n\n\n<p>La utilizaci\u00f3n de la p\u00e1gina web de Siqua por cualquier persona atribuye la condici\u00f3n de Usuario. El usuario se compromete a su uso conforme al presente Aviso Legal ya no utilizar la informaci\u00f3n, actividades y servicios que el \u201cSiqua\u201d pone a su disposici\u00f3n para desarrollar actividades contrarias a las leyes.<\/p>\n\n\n\n<h3 class=\"wp-block-heading\">Contenidos<\/h3>\n\n\n\n<p>Los contenidos de la p\u00e1gina web del Siqua se ponen a disposici\u00f3n del usuario como informaci\u00f3n propia y de terceros, por lo que el Siqua pondr\u00e1 los medios razonables a su disposici\u00f3n para que estos contenidos sean siempre exactos y actualizados.<\/p>\n\n\n\n<h3 class=\"wp-block-heading\">Servicios interactivos<\/h3>\n\n\n\n<p>En cuanto al uso de los servicios interactivos que permitan la divulgaci\u00f3n de contenidos por parte del usuario a trav\u00e9s de la p\u00e1gina web del Siqua, si en alg\u00fan momento la hubiere, ser\u00e1 conforme a la ley y este aviso legal. \u201cSiqua\u201d no se hace responsable de la informaci\u00f3n y contenidos almacenados, a t\u00edtulo enunciativo, pero no limitativo, en foros, chats, generadores de blogs, comentarios, redes sociales o cualquier otro medio que permita a terceros publicar contenidos de forma independiente a la p\u00e1gina web del prestamista. No obstante, y en cumplimiento de lo dispuesto en el art. 11 y 16 de la LSSICE, el prestamista se pone a disposici\u00f3n de todos los usuarios, Autoridades y Fuerzas de seguridad, y colaborando de forma activa en la retirada o en su caso bloqueo de todos aquellos contenidos que pudieran afectar o contravenir la legislaci\u00f3n nacional, o internacional, derechos de terceros o moral y orden p\u00fablico.<\/p>\n\n\n\n<h3 class=\"wp-block-heading\">Informaci\u00f3n veraz<\/h3>\n\n\n\n<p>En caso de comunicarse con Siqua, el usuario deber\u00e1 facilitar informaci\u00f3n veraz, por lo que el usuario garantizar\u00e1 siempre la autenticidad de los datos comunicados. Ser\u00e1 responsabilidad del usuario mantener toda la informaci\u00f3n facilitada actualizada.<\/p>\n\n\n\n<h3 class=\"wp-block-heading\">Usuarios menores de edad<\/h3>\n\n\n\n<p>Los usuarios menores deben obtener siempre previamente el consentimiento de los padres, tutores o representantes legales para el uso de los servicios. La responsabilidad en la determinaci\u00f3n de los contenidos a los que accede un menor es responsabilidad de los padres, tutores o representantes legales. Para evitar el acceso a contenido no apropiado por Internet se recomienda el uso de programas o filtros que limiten el contenido disponible.<\/p>\n\n\n\n<h3 class=\"wp-block-heading\">Uso correcto de la p\u00e1gina web<\/h3>\n\n\n\n<p>El Usuario se compromete a la correcta utilizaci\u00f3n de la web y utilidades que se le proporcionen de acuerdo con la ley, este Aviso Legal y las instrucciones y avisos que se le comuniquen. El Usuario se obliga al uso exclusivo de la web y todos sus contenidos, para fines l\u00edcitos y no prohibidos, que no infrinjan la legalidad vigente y\/o puedan resultar lesivos de los derechos leg\u00edtimos de Siqua, y\/o que puedan causar cualquier da\u00f1o o perjuicio de forma directa o indirecta.<\/p>\n\n\n\n<h2 class=\"wp-block-heading\">Propiedad intelectual, industrial<\/h2>\n\n\n\n<p>Todos los elementos que forman el sitio web, as\u00ed como su estructura, dise\u00f1o, fotograf\u00edas, iconos, gr\u00e1ficos, im\u00e1genes, c\u00f3digo fuente, logotipos, marcas y otros signos distintivos que aparecen, son propiedad intelectual de \u201cSiqua\u201d o en la caso de terceros, salvo que se especifique lo contrario, y est\u00e1n protegidos por los correspondientes derechos de propiedad intelectual e industrial. El usuario no podr\u00e1 utilizar la marca gr\u00e1fica o cualquier otro signo distintivo de \u201cSiqua\u201d dentro de su p\u00e1gina web salvo en los casos expresamente autorizados por \u201cSiqua\u201d. Estas autorizaciones se pedir\u00e1n por escrito a &quot;Siqua&quot;. Por todo ello, el usuario que acceda a la p\u00e1gina web deber\u00e1 respetar en todo momento todos los derechos de propiedad intelectual e industrial de la p\u00e1gina web titularidad de Siqua o de terceros.<\/p>\n\n\n\n<p>La reproducci\u00f3n total o parcial, uso, distribuci\u00f3n y comunicaci\u00f3n p\u00fablica requiere la autorizaci\u00f3n escrita previa por parte de Siqua. Cualquier uso no autorizado previamente por Siqua ser\u00e1 considerado un incumplimiento grave de los derechos de propiedad intelectual o industrial.<\/p>\n\n\n\n<p>Igualmente est\u00e1n protegidos por los correspondientes derechos de propiedad intelectual e industrial las im\u00e1genes y otros elementos gr\u00e1ficos contenidos en el sitio web. El uso, reproducci\u00f3n, distribuci\u00f3n, comunicaci\u00f3n p\u00fablica, transformaci\u00f3n o cualquier otra actividad similar o an\u00e1loga, queda totalmente prohibida salvo previa y expresa autorizaci\u00f3n del titular.<\/p>\n\n\n\n<p>Respecto a las citas de productos y\/o servicios de terceros, el titular del sitio web reconoce a favor de sus titulares los correspondientes derechos de propiedad industrial e intelectual no implicando su sola menci\u00f3n o aparici\u00f3n en la web la existencia de derechos ni de ninguna responsabilidad sobre \u00e9stos, como tampoco patrocinio o recomendaci\u00f3n.<\/p>\n\n\n\n<h3 class=\"wp-block-heading\">Enlaces de terceros a la p\u00e1gina de \u201cSiqua\u201d<\/h3>\n\n\n\n<p>Si un usuario desea introducir un enlace desde su p\u00e1gina web a la p\u00e1gina web de Siqua deber\u00e1 obtener autorizaci\u00f3n de Siqua.<\/p>\n\n\n\n<p>El titular del sitio web declara el respeto a los derechos de propiedad intelectual e industrial de terceros; por eso, si considera que en nuestro sitio web se pudieran estar violando sus derechos, rogamos se ponga en contacto con el titular de la p\u00e1gina web: lidiablasco@fisioterapeutes.org<\/p>\n\n\n\n<h2 class=\"wp-block-heading\">Exclusi\u00f3n de garant\u00edas y responsabilidad<\/h2>\n\n\n\n<p>El Usuario responder\u00e1 por los da\u00f1os y perjuicios de toda naturaleza que el Siqua pueda sufrir como consecuencia del incumplimiento de cualquiera de las obligaciones a las que queda sometido por este Aviso Legal.<\/p>\n\n\n\n<h2 class=\"wp-block-heading\">Protecci\u00f3n de datos<\/h2>\n\n\n\n<p>Para aquellos casos que se soliciten, traten o almacenen datos personales se har\u00e1 de conformidad con la Pol\u00edtica de Privacidad publicada en la p\u00e1gina web y que puede consultar al pie de esta misma.<\/p>\n\n\n\n<h2 class=\"wp-block-heading\">Pol\u00edtica de cookies<\/h2>\n\n\n\n<p>En el texto legal de la pol\u00edtica de cookies se encuentra detallado el uso de las cookies y puede consultarlo al pie de esta p\u00e1gina web.<\/p>\n\n\n\n<h2 class=\"wp-block-heading\">Acceso a la p\u00e1gina web<\/h2>\n\n\n\n<p>\u201cSiqua\u201d no se responsabiliza de los da\u00f1os y perjuicios de cualquier tipo producidos al usuario a consecuencia de fallos en las redes de telecomunicaciones que produzcan la suspensi\u00f3n, cancelaci\u00f3n o interrupci\u00f3n del servicio de la p\u00e1gina web durante la prestaci\u00f3n de \u00e9ste o con car\u00e1cter previo.<\/p>\n\n\n\n<h2 class=\"wp-block-heading\">Calidad del servicio y de los contenidos<\/h2>\n\n\n\n<p>El titular del sitio web no garantiza la inexistencia de errores en el acceso a la web, en su contenido, ni que \u00e9ste est\u00e9 actualizado, aunque el titular del sitio web desarrollar\u00e1 sus mejores esfuerzos para, en su caso, evitarlo los, subsanarlos o actualizarlos . En caso de que el usuario considere que existe alg\u00fan contenido que pudiera ser susceptible de esta clasificaci\u00f3n, debe ponerse en contacto con el titular del sitio web.<\/p>\n\n\n\n<p>Tanto el acceso al sitio web, como el uso que pueda hacerse de la informaci\u00f3n contenida en los mismos, es de responsabilidad exclusiva de quien lo realiza.<\/p>\n\n\n\n<p>Siqua intentar\u00e1 garantizar siempre el correcto funcionamiento de la p\u00e1gina web las 24 horas al d\u00eda, los 365 d\u00edas del a\u00f1o, aunque no se puede descartar la posibilidad de que existan determinadas causas de fuerza mayor, cat\u00e1strofes naturales, huelgas, o cualquier otra circunstancia similar que hagan imposible acceder a la p\u00e1gina web. Por todo ello, \u201cSiqua\u201d no se hace responsable de los da\u00f1os y perjuicios de cualquier naturaleza que pudieran ocasionarse a consecuencia de la carencia de disponibilidad, mantenimiento y efectivo funcionamiento de la web o de sus servicios y contenidos. Siqua no se hace responsable de la existencia de virus, programas maliciosos o lesivos de los contenidos, del uso il\u00edcito, negligente, fraudulento o contrario a este Aviso legal, o de la falta de licitud, calidad, fiabilidad, utilidad y disponibilidad de los servicios prestados por terceros a disposici\u00f3n de los usuarios del sitio web.<\/p>\n\n\n\n<p>Siqua se reserva el derecho a interrumpir en caso de que lo considere necesario el acceso a su p\u00e1gina web en cualquier momento y sin previo aviso, ya sea por motivos de seguridad, de control, de mantenimiento, por errores de suministro el\u00e9ctrico o por cualquiera otra causa. En resumen, Siqua en ning\u00fan caso se responsabiliza de las consecuencias de eventuales interrupciones, puesto que no puede garantizar la fiabilidad, la disponibilidad ni la continuidad de su p\u00e1gina web.<\/p>\n\n\n\n<p>En cumplimiento de lo dispuesto en la Ley de servicios de la sociedad de la informaci\u00f3n y de comercio electr\u00f3nico, el titular del sitio web se pone a disposici\u00f3n de todos los usuarios, autoridades y fuerzas de seguridad colaborando de forma activa en la retirada o, en su caso, en el bloqueo de todos aquellos contenidos que pudieran afectar o contravenir a la legislaci\u00f3n nacional o internacional, derechos de terceros o la moral y el orden p\u00fablico.<\/p>\n\n\n\n<h3 class=\"wp-block-heading\">Enlaces de terceros<\/h3>\n\n\n\n<p>Los enlaces contenidos en nuestro sitio web pueden dirigirse tambi\u00e9n a contenidos web de terceros. En estos casos Siqua act\u00faa como prestador de servicios de intermediaci\u00f3n de conformidad con el art\u00edculo 17 de la Ley 34\/2002 y s\u00f3lo ser\u00e1 responsable de los contenidos y servicios suministrados en las p\u00e1ginas web de terceros en la medida en que tenga conocimiento efectivo de la ilicitud y no act\u00fae con diligencia para suprimir o inutilizar el enlace.<\/p>\n\n\n\n<p>El objetivo de estos enlaces es \u00fanicamente facilitarle la b\u00fasqueda de los recursos que le puedan interesar a trav\u00e9s de Internet. Sin embargo, estas p\u00e1ginas no pertenecen a \u201cSiqua\u201d, ni hace una revisi\u00f3n de sus contenidos y, por ello, el titular \u201cSiqua\u201d no asume ninguna responsabilidad por el contenido, informaciones o servicios que pudieran aparecer en estos sitios. En caso de que el usuario considere que existe un enlace con contenido il\u00edcito podr\u00e1 comunicarlo a \u201cSiqua\u201d a lidiablasco@fisioterapeutes.org sin que en ning\u00fan caso esta comunicaci\u00f3n comporte la obligaci\u00f3n de retirar el correspondiente enlace.<\/p>\n\n\n\n<p>El titular del sitio web tampoco podr\u00e1 hacerse responsable del funcionamiento de la p\u00e1gina enlazada o de los posibles da\u00f1os que puedan derivarse del acceso o uso de la misma.<\/p>\n\n\n\n<p>El establecimiento del enlace con otra p\u00e1gina web no supondr\u00e1 ning\u00fan acuerdo, contrato, patrocinio ni recomendaci\u00f3n por parte de Siqua.<\/p>\n\n\n\n<p>Siqua no se responsabiliza en modo alguno ni garantiza la claridad, exactitud, fiabilidad, correcci\u00f3n o moralidad de contenidos o servicios que el establecimiento del enlace con otra p\u00e1gina web pueda ofrecer. El usuario asume bajo su exclusiva responsabilidad las consecuencias, da\u00f1os o acciones que puedan derivarse del acceso a la p\u00e1gina del enlace.<\/p>\n\n\n\n<h3 class=\"wp-block-heading\">Redes sociales<\/h3>\n\n\n\n<p>Adicionalmente, \u201cSiqua\u201d tiene presencia en redes sociales para las que, si desea conocer las condiciones de privacidad y uso de cookies, ser\u00e1 necesario consultar las pol\u00edticas proporcionadas por los mismos:<\/p>\n\n\n\n<p>Facebook: https:\/\/www.facebook.com\/policies\/cookies\/<br>Twitter: https:\/\/twitter.com\/privacy<br>Youtube: https:\/\/policies.google.com\/technologies\/cookies?hl=es<br>Linkedin: http:\/\/www.linkedin.com\/legal\/privacy-policy<br>Google: https:\/\/policies.google.com\/technologies\/cookies?hl=es<br>Instagram: https:\/\/help.instagram.com\/<\/p>\n\n\n\n<p>Siqua no realizar\u00e1 tratamientos de datos personales en redes sociales. Si alguna vez necesita publicar alg\u00fan dato personal b\u00e1sico (por ejemplo nombre y apellidos del usuario ganador de una sesi\u00f3n gratis de fisioterapia) previamente solicitar\u00e1 consentimiento expl\u00edcito.<\/p>\n\n\n\n<h2 class=\"wp-block-heading\">Ley Aplicable y jurisdicci\u00f3n<\/h2>\n\n\n\n<p>La ley aplicable en caso de disputa o conflicto de interpretaci\u00f3n de los t\u00e9rminos que conforman el presente Aviso Legal, as\u00ed como cualquier cuesti\u00f3n relacionada con los servicios de la web de Siqua, ser\u00e1 la ley espa\u00f1ola.<\/p>\n\n\n\n<p>Para la resoluci\u00f3n de cualquier conflicto que pueda surgir del acceso a la p\u00e1gina web, el usuario y Siqua en los casos en que la normativa prevea la posibilidad de someterse a un fuero, acuerdan someterse a los Jueces y Tribunales de la ciudad de Barcelona , con renuncia a cualquier otro fuero general o especial que pudiera corresponderles.<\/p>","protected":false},"excerpt":{"rendered":"<p>En compliment amb el que estableix l&#8217;article 10 de la Llei 34\/2002 d&#8217;11 de juliol, de serveis de la Societat de la Informaci\u00f3 i el Comer\u00e7 Electr\u00f2nic (LSSICE), s&#8217;informa dels aspectes legals seg\u00fcents: Propietat del lloc web Condicions generals d&#8217;\u00fas Titular Siqua, com a titular i responsable del present lloc web, posa a disposici\u00f3 dels [&hellip;]<\/p>\n","protected":false},"author":1,"featured_media":0,"parent":0,"menu_order":0,"comment_status":"closed","ping_status":"closed","template":"","meta":{"_et_pb_use_builder":"off","_et_pb_old_content":"<div class=\"et_pb_row et_pb_row_0\">\r\n<div class=\"et_pb_column et_pb_column_4_4 et_pb_column_0  et_pb_css_mix_blend_mode_passthrough et-last-child\">\r\n<div class=\"et_pb_module et_pb_text et_pb_text_0  et_pb_text_align_left et_pb_bg_layout_light\">\r\n<div class=\"et_pb_text_inner\">\r\n<h2>IDENTITAT DEL TITULAR DEL LLOC WEB<\/h2>\r\n<table>\r\n<tbody>\r\n<tr>\r\n<th>Nom comercial<\/th>\r\n<td>Artic Agency<\/td>\r\n<\/tr>\r\n<tr>\r\n<th>Denominaci\u00f3 social<\/th>\r\n<td>Artic Agency, S.L. (des d\u2019ara EL TITULAR DEL WEB)<\/td>\r\n<\/tr>\r\n<tr>\r\n<th>NIF<\/th>\r\n<td>T-35793508<\/td>\r\n<\/tr>\r\n<tr>\r\n<th>Adre\u00e7a<\/th>\r\n<td>Rbla. Sant Francesc 18\r\n08720 Vilafranca del Pened\u00e8s<\/td>\r\n<\/tr>\r\n<tr>\r\n<th>Tel\u00e8fon<\/th>\r\n<td>641 483 633<\/td>\r\n<\/tr>\r\n<tr>\r\n<th>eMail<\/th>\r\n<td>info@articagency.com<\/td>\r\n<\/tr>\r\n<\/tbody>\r\n<\/table>\r\n<h2>TERMES LEGALS I CONDICIONS<\/h2>\r\nLa utilitzaci\u00f3 d\u2019aquest lloc web atribueix al navegant la condici\u00f3 d\u2019usuari del lloc, la qual cosa implica l\u2019adhesi\u00f3 a les presents condicions en la versi\u00f3 publicada en el moment en qu\u00e8 es permetre l\u2019entrada. Per aix\u00f2, EL TITULAR DEL WEB recomana a l\u2019usuari llegir les mateixes atentament cada vegada que accedeixi al lloc web. L\u2019acc\u00e9s a determinats continguts oferts a trav\u00e9s d\u2019aquest lloc web pot trobar-se sotm\u00e8s a certes condicions particulars pr\u00f2pies que, segons els casos, substitueixen, completen i \/ o modifiquen aquestes condicions generals. Per tant, amb anterioritat a l\u2019acc\u00e9s i \/ o utilitzaci\u00f3 d\u2019aquests continguts, l\u2019usuari ha de llegir atentament tamb\u00e9 les corresponents condicions particulars. EL TITULAR DEL WEB podr\u00e0 alterar en qualsevol moment i sense previ av\u00eds, el disseny, presentaci\u00f3 i \/ o configuraci\u00f3 del lloc Web, aix\u00ed com alguns o tots els Continguts, i modificar les condicions generals i \/ o condicions particulars requerides per utilitzar els mateixos.\r\n<h2>RESPONSABILITAT I GARANTIA DEL TITULAR DEL WEB<\/h2>\r\n<h3>ACC\u00c9S<\/h3>\r\nAmb car\u00e0cter general, els usuaris podran accedir al lloc web de forma lliure i gratu\u00efta. No obstant aix\u00f2 EL TITULAR DEL WEB es reserva acord amb la legislaci\u00f3 vigent el dret de limitar l\u2019acc\u00e9s a determinades \u00e1rees del lloc web. En aquests casos, com a requisit previ per poder accedir al servei, l\u2019Usuari haur\u00e0 de registrar-se facilitant tota la informaci\u00f2 sol.licitada, de forma actualitzada i real (vegeu pol\u00edtica de privacitat). L\u2019\u00fas de la contrasenya \u00e9s personal i intransferible, no estant permesa la cessi\u00f3, ni tan sols temporal, a tercers. En aquest sentit, l\u2019Usuari es compromet a fer un \u00e9s diligent ia mantenir en secret la mateixa, assumint tota responsabilitat per les conseq\u00fc\u00e8ncies de la seva divulgaci\u00f3 a tercers.\r\n<h3>CONTINGUTS<\/h3>\r\nEL TITULAR DEL WEB es reserva el dret a interrompre l\u2019acc\u00e9s al seu lloc web, aix\u00ed com la prestaci\u00f3 de qualsevol o de tots els Continguts que es presten a trav\u00e9s del mateix en qualsevol moment i sense previ av\u00eds, ja sigui per motius t\u00e8cnics, de seguretat, de control, de manteniment, per fallades de subministrament el\u00e8ctric o per qualsevol altra causa. Aquesta interrupci\u00f3 podr\u00e0 tenir car\u00e0cter temporal o definitiu, en aquest cas es comunicar\u00e0 tal circumst\u00e0ncia als Usuaris, els quals podran sofrir la p\u00e8rdua, si escau, de la informaci\u00f3 emmagatzemada en els diferents serveis. En conseq\u00fc\u00e8ncia, EL TITULAR DEL WEB no garanteix la fiabilitat, la disponibilitat ni la continu\u00eftat del seu lloc web ni dels Continguts, tant els propis com els d\u2019altres llocs web als quals es pugui accedir mitjan\u00e7ant enlla\u00e7os, de manera que la utilitzaci\u00f3 de els mateixos per part de l\u2019Usuari es porta a terme pel seu propi compte i risc, sense que, en cap moment, puguin exigir responsabilitats a EL TITULAR DE LA WEB en aquest sentit. EL TITULAR DEL WEB no ser\u00e0 responsable de qualsevol tipus de perjudici, p\u00e8rdues, reclamacions o despeses de cap tipus, de la Informaci\u00f3 adquirida o accedida per oa trav\u00e9s del lloc web, de virus inform\u00e0tics, de fallades operatives o d\u2019interrupcions en el servei o transmissi\u00f3 , o fallades en la l\u00ednia. Queda prohibit transmetre o enviar a trav\u00e9s del lloc web qualsevol contingut il legal o il l\u00edcit, virus inform\u00e0tics, o missatges que, en general, afectin o violin drets d\u2019EL TITULAR DEL WEB o de tercers.\r\n<h3>PROPIETAT INDUSTRIAL I INTEL.LECTUAL<\/h3>\r\nAquesta web \u00e9s propietat d\u2019EL TITULAR DE LA WEB. Els drets de Propietat Intel lectual i drets d\u2019explotaci\u00f3 i reproducci\u00f3 d\u2019aquesta web, de les seves p\u00e0gines, pantalles, la informaci\u00f3 que contenen, la seva aparen\u00e7a i disseny, aix\u00ed com els vincles que s\u2019estableixin des d\u2019ella a altres p\u00e0gines, s\u00f3n propietat exclusiva d\u2019aquest, llevat que s\u2019especifiqui una altra cosa. Totes les denominacions, dissenys i \/ o logotips que componen aquesta p\u00e0gina s\u00f3n marques degudament registrades. Qualsevol \u00e9s indegut de les mateixes per persona diferent del seu leg\u00f3tim titular podr\u00e0 ser perseguit de conformitat amb la legislaci\u00f3 vigent. Els drets de propietat intel lectual i marques de tercers estan destacats convenientment i han de ser respectats per tot aquell que accedeixi a la web. Nom\u00e9s per a \u00fas personal i privat es permet descarregar els continguts, copiar o imprimir qualsevol p\u00e0gina d\u2019aquesta web. Queda prohibit reproduir, transmetre, modificar o suprimir la informaci\u00f3, contingut o advertiments d\u2019aquesta web sense la pr\u00e8via autoritzaci\u00f3 escrita d\u2019EL TITULAR DE LA WEB.\r\n<h2>LEGISLACI\u00d3 APLICABLE<\/h2>\r\nLes presents condicions generals es regeixen per la legislaci\u00f3 espanyola.\r\n<h2>POL\u00cdTICA DE PRIVACITAT<\/h2>\r\nAls efectes del que disposa la normativa vigent relativa a la protecci\u00f3 de dades de car\u00e0cter personal, EL TITULAR DEL WEB informa que les dades personals que ens pogu\u00e9s facilitar durant la navegaci\u00f3 pel nostre lloc web seran incorporades a un tractament de dades de responsabilitat de EL TITULAR DEL WEB, amb l\u2019\u00fanica finalitat de poder gestionar la seva petici\u00f2. Nom\u00e9s en el cas que l\u2019usuari hagi donat el seu consentiment expr\u00e9s, EL TITULAR DEL WEB li enviar\u00e0 informaci\u00f3; t\u00e8cnica, operativa i comercial, per qualsevol mitj\u00e0, incl\u00f2s el correu electr\u00f2nic i \/ o mitj\u00e0 equivalent, sobre productes, serveis, ofertes i novetats que considerem d\u2019inter\u00e8s per l\u2019usuari. EL TITULAR DEL WEB es compromet al compliment de la seva obligaci\u00f3 de secret de les dades de car\u00e0cter personal i del seu deure de guardar i adoptar\u00e0 les mesures necess\u00e0ries per evitar la seva alteraci\u00f3, p\u00e8rdua, tractament o acc\u00e9s no autoritzat, tenint en compte en tot moment l\u2019estat de la tecnologia, complint amb les mesures de seguretat t\u00e8cniques i organitzatives. Finalment, l\u2019informem sobre la possibilitat d\u2019exercitar els drets d\u2019acc\u00e9s, rectificaci\u00f3, cancel.laci\u00f3 i oposici\u00f3 mitjan\u00e7ant formulari adre\u00e7at a l\u2019administrador del sistema.\r\n\r\n<\/div>\r\n<\/div>\r\n<\/div>\r\n<\/div>\r\n<div class=\"et_pb_row et_pb_row_1\"><\/div>","_et_gb_content_width":"1080","footnotes":""},"class_list":["post-39","page","type-page","status-publish","hentry"],"_links":{"self":[{"href":"https:\/\/siqua.cat\/es\/wp-json\/wp\/v2\/pages\/39","targetHints":{"allow":["GET"]}}],"collection":[{"href":"https:\/\/siqua.cat\/es\/wp-json\/wp\/v2\/pages"}],"about":[{"href":"https:\/\/siqua.cat\/es\/wp-json\/wp\/v2\/types\/page"}],"author":[{"embeddable":true,"href":"https:\/\/siqua.cat\/es\/wp-json\/wp\/v2\/users\/1"}],"replies":[{"embeddable":true,"href":"https:\/\/siqua.cat\/es\/wp-json\/wp\/v2\/comments?post=39"}],"version-history":[{"count":0,"href":"https:\/\/siqua.cat\/es\/wp-json\/wp\/v2\/pages\/39\/revisions"}],"wp:attachment":[{"href":"https:\/\/siqua.cat\/es\/wp-json\/wp\/v2\/media?parent=39"}],"curies":[{"name":"wp","href":"https:\/\/api.w.org\/{rel}","templated":true}]}}