{"id":39,"date":"2022-09-30T12:13:29","date_gmt":"2022-09-30T11:13:29","guid":{"rendered":"http:\/\/pink-hyena-985061.hostingersite.com\/?page_id=39"},"modified":"2023-01-19T14:03:29","modified_gmt":"2023-01-19T13:03:29","slug":"legal-notice","status":"publish","type":"page","link":"https:\/\/siqua.cat\/en\/legal-notice\/","title":{"rendered":"Legal warning"},"content":{"rendered":"<p>In compliance with the provisions of article 10 of Law 34\/2002 of July 11, on services of the Information Society and Electronic Commerce (LSSICE), the following legal aspects are reported:<\/p>\n\n\n\n<h2 class=\"wp-block-heading\">Website Ownership<\/h2>\n\n\n\n<ul class=\"wp-block-list\">\n<li><strong>holder<\/strong>: Lidia Blasco Casanellas<\/li>\n\n\n\n<li><strong>Trade name<\/strong>: DRY<\/li>\n\n\n\n<li><strong>identity card<\/strong>: 77.120.995-V<\/li>\n\n\n\n<li><strong>phone<\/strong>: 688 733 911<\/li>\n\n\n\n<li><strong>contact<\/strong>: info@siqua.cat<\/li>\n<\/ul>\n\n\n\n<h2 class=\"wp-block-heading\">General conditions of use<\/h2>\n\n\n\n<h3 class=\"wp-block-heading\">holder<\/h3>\n\n\n\n<p>Siqua, as owner and responsible for this website, makes this document available to users to comply with the obligations of Law 34\/2002, Services of the Information Society and Electronic Commerce.<\/p>\n\n\n\n<h3 class=\"wp-block-heading\">object<\/h3>\n\n\n\n<p>The purpose of the Siqua website is to provide the public with information about its physiotherapy services.<\/p>\n\n\n\n<h3 class=\"wp-block-heading\">Contents<\/h3>\n\n\n\n<p>In order to keep the information published on the web portal up to date, its contents may be modified, corrected, removed or added at any time, so it will be convenient to check its validity or accuracy by always going to the texts on the page web.<\/p>\n\n\n\n<p>The owner of the website reserves the right to make, at any time and without prior notice, modifications and updates to the information contained on its website or to its configuration and presentation.<\/p>\n\n\n\n<h3 class=\"wp-block-heading\">acceptance<\/h3>\n\n\n\n<p>The use of any of the functionalities of the website implies the express and full acceptance of the conditions set out here, without prejudice to those particulars that may apply to some of the specific services offered through the website.<\/p>\n\n\n\n<h2 class=\"wp-block-heading\">Access to the website<\/h2>\n\n\n\n<p>As detailed above, access to the Siqua website is the exclusive responsibility of users and implies acceptance and knowledge of the legal notice, the cookie policy and the privacy policy, as well as the terms and conditions of use.<\/p>\n\n\n\n<h3 class=\"wp-block-heading\">Free access<\/h3>\n\n\n\n<p>Access to the website for users is free of charge, unless it refers to the cost of the Internet connection provided by the Internet Access Provider (ISP) contracted on your behalf.<\/p>\n\n\n\n<h2 class=\"wp-block-heading\">Reserves<\/h2>\n\n\n\n<p>If the user wishes to book a physiotherapy session, they will be redirected to the Stripe payment gateway, as stated in our Privacy Policy.<\/p>\n\n\n\n<h2 class=\"wp-block-heading\">General terms and conditions<\/h2>\n\n\n\n<p>The use of the Siqua website by any person attributes the status of User. The user undertakes to use it in accordance with this Legal Notice and not to use the information, activities and services that &quot;Siqua&quot; makes available to carry out activities contrary to the laws.<\/p>\n\n\n\n<h3 class=\"wp-block-heading\">Contents<\/h3>\n\n\n\n<p>The contents of the Siqua website are made available to the user as its own and third-party information, so Siqua will make reasonable efforts to ensure that these contents are always accurate and up-to-date.<\/p>\n\n\n\n<h3 class=\"wp-block-heading\">Interactive services<\/h3>\n\n\n\n<p>Regarding the use of interactive services that allow the disclosure of content by the user through the Siqua website, if at any time there were any, it will be in accordance with the law and this legal notice. &quot;Siqua&quot; is not responsible for the information and content stored, by way of example, but not limited, in forums, chats, blog generators, comments, social networks or any other means that allows third parties to publish content independently in the lender&#039;s website. Nevertheless, and in compliance with the provisions of art. 11 and 16 of the LSSICE, the provider makes itself available to all users, Authorities and Security Forces, and actively collaborating in the removal or, if applicable, blocking of all those contents that could affect or contravene the national or international legislation, rights of third parties or morality and public order.<\/p>\n\n\n\n<h3 class=\"wp-block-heading\">True information<\/h3>\n\n\n\n<p>When communicating with Siqua, the user must provide truthful information, so the user will always guarantee the authenticity of the data communicated. It will be the responsibility of the user to keep all the information provided updated.<\/p>\n\n\n\n<h3 class=\"wp-block-heading\">Users under age<\/h3>\n\n\n\n<p>Minor users must always obtain prior consent from parents, guardians or legal representatives to use the services. The responsibility for determining the content accessed by a minor is the responsibility of parents, guardians or legal representatives. To avoid accessing inappropriate content on the internet, it is recommended to use programs or filters that limit the available content.<\/p>\n\n\n\n<h3 class=\"wp-block-heading\">Correct use of the website<\/h3>\n\n\n\n<p>The User commits to the correct use of the website and utilities provided to him in accordance with the law, this Legal Notice and the instructions and notices communicated to him. The User agrees to the exclusive use of the website and all its contents, for lawful and non-prohibited purposes, that do not infringe the current law and\/or may be harmful to the legitimate rights of Siqua, and\/or that may cause any damage or harm directly or indirectly.<\/p>\n\n\n\n<h2 class=\"wp-block-heading\">Intellectual property, industrial<\/h2>\n\n\n\n<p>All the elements that make up the website, as well as its structure, design, photographs, icons, graphics, images, source code, logos, brands and other distinctive signs that appear there, are the intellectual property of &quot;Siqua&quot; or their case of third parties, unless otherwise specified, and are protected by the corresponding intellectual and industrial property rights. The user may not use the graphic brand or any other distinctive sign of &quot;Siqua&quot; within its web page except in cases expressly authorized by &quot;Siqua&quot;. These authorizations will be requested in writing to \u201cSiqua\u201d. For all this, the user who accesses the web page must at all times respect all the intellectual and industrial property rights of the web page owned by &quot;Siqua&quot; or third parties.<\/p>\n\n\n\n<p>Total or partial reproduction, use, distribution and public communication requires prior written authorization by Siqua. Any use not previously authorized by Siqua will be considered a serious breach of intellectual or industrial property rights.<\/p>\n\n\n\n<p>The images and other graphic elements contained in the website are also protected by the corresponding intellectual and industrial property rights. The use, reproduction, distribution, public communication, transformation or any other similar or analogous activity is totally prohibited unless there is prior and express authorization from the owner.<\/p>\n\n\n\n<p>Regarding the quotations of products and\/or services of third parties, the owner of the website recognizes in favor of their owners the corresponding industrial and intellectual property rights, not implying their mere mention or appearance on the website the existence of rights nor any responsibility for these, nor sponsorship or recommendation.<\/p>\n\n\n\n<h3 class=\"wp-block-heading\">Third party links on the \u201cSiqua\u201d page<\/h3>\n\n\n\n<p>If a user wants to insert a link from his web page to the Siqua web page, he must obtain authorization from Siqua.<\/p>\n\n\n\n<p>The owner of the website declares respect for the intellectual and industrial property rights of third parties; therefore, if you consider that your rights may be being violated on our website, please contact the owner of the website: lidiablasco@fisioterapeutes.org<\/p>\n\n\n\n<h2 class=\"wp-block-heading\">Exclusion of guarantees and liability<\/h2>\n\n\n\n<p>The User will be responsible for damages of any nature that Siqua may suffer as a result of the breach of any of the obligations to which it is subjected by this Legal Notice.<\/p>\n\n\n\n<h2 class=\"wp-block-heading\">Data Protection<\/h2>\n\n\n\n<p>For those cases where personal data is requested, processed or stored, it will be done in accordance with the Privacy Policy published on the website and which you can consult at the foot of it.<\/p>\n\n\n\n<h2 class=\"wp-block-heading\">Cookie policy<\/h2>\n\n\n\n<p>The use of cookies is detailed in the legal text of the cookie policy and you can consult it at the foot of this web page.<\/p>\n\n\n\n<h2 class=\"wp-block-heading\">Access to the website<\/h2>\n\n\n\n<p>&quot;Siqua&quot; is not responsible for damages of any kind caused to the user as a result of failures in the telecommunications networks that cause the suspension, cancellation or interruption of the website service during the provision of this or with prior character.<\/p>\n\n\n\n<h2 class=\"wp-block-heading\">Quality of service and content<\/h2>\n\n\n\n<p>The owner of the website does not guarantee the absence of errors in accessing the website, in its content, or that it is updated, although the owner of the website will make its best efforts to, where appropriate, avoid them, amend or update them. In the event that the user considers that there is any content that could be susceptible to this classification, you should contact the owner of the website.<\/p>\n\n\n\n<p>Access to the website, as well as the use that can be made of the information contained therein, is the sole responsibility of the person making it.<\/p>\n\n\n\n<p>Siqua will always try to guarantee the correct operation of the website 24 hours a day, 365 days a year, although the possibility of certain causes of force majeure, natural disasters, strikes, or any other cannot be ruled out similar circumstance that make it impossible to access the website. For all this, &quot;Siqua&quot; is not responsible for damages of any nature that could be caused as a result of the lack of availability, maintenance and effective operation of the website or its services and contents. Siqua is not responsible for the existence of viruses, malicious or harmful programs in the contents, for illegal, negligent, fraudulent use or contrary to this Legal Notice, or for the lack of legality, quality, reliability, usefulness and availability of services provided by third parties available to website users.<\/p>\n\n\n\n<p>Siqua reserves the right to interrupt, if it deems it necessary, access to its website at any time and without prior notice, either for reasons of security, control, maintenance, for electrical supply errors or for any other cause In short, Siqua is in no way responsible for the consequences of any interruptions, as it cannot guarantee the reliability, availability or continuity of its website.<\/p>\n\n\n\n<p>In compliance with the provisions of the Information Society and Electronic Commerce Services Law, the owner of the website makes himself available to all users, authorities and security forces by actively collaborating in the withdrawal or, where appropriate, in the blocking of all those contents that could affect or contravene national or international legislation, third party rights or morals and public order.<\/p>\n\n\n\n<h3 class=\"wp-block-heading\">Third party links<\/h3>\n\n\n\n<p>The links contained on our website may also lead to third-party web content. In these cases, Siqua acts as an intermediary service provider in accordance with Article 17 of Law 34\/2002 and will only be responsible for the content and services provided on third-party websites to the extent that it has effective knowledge of the unsolicited and do not act diligently to delete or disable the link.<\/p>\n\n\n\n<p>The purpose of these links is solely to facilitate your search for resources that may interest you across the Internet. However, these pages do not belong to &quot;Siqua&quot;, nor does it review their contents and, therefore, the owner &quot;Siqua&quot; assumes no responsibility for the content, information or services that may appear on these sites. In the event that the user considers that there is a link with illegal content, they can communicate this to &quot;Siqua&quot; at lidiablasco@fisioterapeutes.org without this communication entailing in any case the obligation to remove the corresponding link.<\/p>\n\n\n\n<p>The owner of the website cannot be held responsible for the operation of the linked page or for the possible damages that may arise from accessing or using it.<\/p>\n\n\n\n<p>The establishment of the link with another web page will not imply any type of agreement, contract, sponsorship or recommendation by Siqua.<\/p>\n\n\n\n<p>Siqua is not responsible in any way or guarantees the clarity, accuracy, reliability, correctness or morality of contents or services that the establishment of the link with another web page may offer. The user assumes under his sole responsibility the consequences, damages or actions that may arise from accessing the page of the link.<\/p>\n\n\n\n<h3 class=\"wp-block-heading\">Social Networks<\/h3>\n\n\n\n<p>Additionally, &quot;Siqua&quot; has a presence on social networks for which, if you want to know the conditions of privacy and use of cookies, you will need to consult the policies provided by them:<\/p>\n\n\n\n<p>Facebook: https:\/\/www.facebook.com\/policies\/cookies\/<br>Twitter: https:\/\/twitter.com\/privacy<br>Youtube: https:\/\/policies.google.com\/technologies\/cookies?hl=ca<br>Linkedin: http:\/\/www.linkedin.com\/legal\/privacy-policy<br>Google: https:\/\/policies.google.com\/technologies\/cookies?hl=ca<br>Instagram: https:\/\/help.instagram.com\/<\/p>\n\n\n\n<p>Siqua will not process personal data in social networks. If you ever need to publish some basic personal data (for example first and last name of the user who won a free physiotherapy session) you will first request explicit consent.<\/p>\n\n\n\n<h2 class=\"wp-block-heading\">Applicable Law and jurisdiction<\/h2>\n\n\n\n<p>The applicable law in the event of a dispute or conflict of interpretation of the terms that make up this Legal Notice, as well as any matter related to the services of the Siqua website, will be Spanish law.<\/p>\n\n\n\n<p>For the resolution of any conflict that may arise from accessing the website, the user and Siqua in cases where the regulations provide for the possibility of submitting to a forum, agree to submit to the Judges and Courts of the city of Barcelona, waiving any other general or special jurisdiction that may apply to them.<\/p>","protected":false},"excerpt":{"rendered":"<p>En compliment amb el que estableix l&#8217;article 10 de la Llei 34\/2002 d&#8217;11 de juliol, de serveis de la Societat de la Informaci\u00f3 i el Comer\u00e7 Electr\u00f2nic (LSSICE), s&#8217;informa dels aspectes legals seg\u00fcents: Propietat del lloc web Condicions generals d&#8217;\u00fas Titular Siqua, com a titular i responsable del present lloc web, posa a disposici\u00f3 dels [&hellip;]<\/p>\n","protected":false},"author":1,"featured_media":0,"parent":0,"menu_order":0,"comment_status":"closed","ping_status":"closed","template":"","meta":{"_et_pb_use_builder":"off","_et_pb_old_content":"<div class=\"et_pb_row et_pb_row_0\">\r\n<div class=\"et_pb_column et_pb_column_4_4 et_pb_column_0  et_pb_css_mix_blend_mode_passthrough et-last-child\">\r\n<div class=\"et_pb_module et_pb_text et_pb_text_0  et_pb_text_align_left et_pb_bg_layout_light\">\r\n<div class=\"et_pb_text_inner\">\r\n<h2>IDENTITAT DEL TITULAR DEL LLOC WEB<\/h2>\r\n<table>\r\n<tbody>\r\n<tr>\r\n<th>Nom comercial<\/th>\r\n<td>Artic Agency<\/td>\r\n<\/tr>\r\n<tr>\r\n<th>Denominaci\u00f3 social<\/th>\r\n<td>Artic Agency, S.L. (des d\u2019ara EL TITULAR DEL WEB)<\/td>\r\n<\/tr>\r\n<tr>\r\n<th>NIF<\/th>\r\n<td>T-35793508<\/td>\r\n<\/tr>\r\n<tr>\r\n<th>Adre\u00e7a<\/th>\r\n<td>Rbla. Sant Francesc 18\r\n08720 Vilafranca del Pened\u00e8s<\/td>\r\n<\/tr>\r\n<tr>\r\n<th>Tel\u00e8fon<\/th>\r\n<td>641 483 633<\/td>\r\n<\/tr>\r\n<tr>\r\n<th>eMail<\/th>\r\n<td>info@articagency.com<\/td>\r\n<\/tr>\r\n<\/tbody>\r\n<\/table>\r\n<h2>TERMES LEGALS I CONDICIONS<\/h2>\r\nLa utilitzaci\u00f3 d\u2019aquest lloc web atribueix al navegant la condici\u00f3 d\u2019usuari del lloc, la qual cosa implica l\u2019adhesi\u00f3 a les presents condicions en la versi\u00f3 publicada en el moment en qu\u00e8 es permetre l\u2019entrada. Per aix\u00f2, EL TITULAR DEL WEB recomana a l\u2019usuari llegir les mateixes atentament cada vegada que accedeixi al lloc web. L\u2019acc\u00e9s a determinats continguts oferts a trav\u00e9s d\u2019aquest lloc web pot trobar-se sotm\u00e8s a certes condicions particulars pr\u00f2pies que, segons els casos, substitueixen, completen i \/ o modifiquen aquestes condicions generals. Per tant, amb anterioritat a l\u2019acc\u00e9s i \/ o utilitzaci\u00f3 d\u2019aquests continguts, l\u2019usuari ha de llegir atentament tamb\u00e9 les corresponents condicions particulars. EL TITULAR DEL WEB podr\u00e0 alterar en qualsevol moment i sense previ av\u00eds, el disseny, presentaci\u00f3 i \/ o configuraci\u00f3 del lloc Web, aix\u00ed com alguns o tots els Continguts, i modificar les condicions generals i \/ o condicions particulars requerides per utilitzar els mateixos.\r\n<h2>RESPONSABILITAT I GARANTIA DEL TITULAR DEL WEB<\/h2>\r\n<h3>ACC\u00c9S<\/h3>\r\nAmb car\u00e0cter general, els usuaris podran accedir al lloc web de forma lliure i gratu\u00efta. No obstant aix\u00f2 EL TITULAR DEL WEB es reserva acord amb la legislaci\u00f3 vigent el dret de limitar l\u2019acc\u00e9s a determinades \u00e1rees del lloc web. En aquests casos, com a requisit previ per poder accedir al servei, l\u2019Usuari haur\u00e0 de registrar-se facilitant tota la informaci\u00f2 sol.licitada, de forma actualitzada i real (vegeu pol\u00edtica de privacitat). L\u2019\u00fas de la contrasenya \u00e9s personal i intransferible, no estant permesa la cessi\u00f3, ni tan sols temporal, a tercers. En aquest sentit, l\u2019Usuari es compromet a fer un \u00e9s diligent ia mantenir en secret la mateixa, assumint tota responsabilitat per les conseq\u00fc\u00e8ncies de la seva divulgaci\u00f3 a tercers.\r\n<h3>CONTINGUTS<\/h3>\r\nEL TITULAR DEL WEB es reserva el dret a interrompre l\u2019acc\u00e9s al seu lloc web, aix\u00ed com la prestaci\u00f3 de qualsevol o de tots els Continguts que es presten a trav\u00e9s del mateix en qualsevol moment i sense previ av\u00eds, ja sigui per motius t\u00e8cnics, de seguretat, de control, de manteniment, per fallades de subministrament el\u00e8ctric o per qualsevol altra causa. Aquesta interrupci\u00f3 podr\u00e0 tenir car\u00e0cter temporal o definitiu, en aquest cas es comunicar\u00e0 tal circumst\u00e0ncia als Usuaris, els quals podran sofrir la p\u00e8rdua, si escau, de la informaci\u00f3 emmagatzemada en els diferents serveis. En conseq\u00fc\u00e8ncia, EL TITULAR DEL WEB no garanteix la fiabilitat, la disponibilitat ni la continu\u00eftat del seu lloc web ni dels Continguts, tant els propis com els d\u2019altres llocs web als quals es pugui accedir mitjan\u00e7ant enlla\u00e7os, de manera que la utilitzaci\u00f3 de els mateixos per part de l\u2019Usuari es porta a terme pel seu propi compte i risc, sense que, en cap moment, puguin exigir responsabilitats a EL TITULAR DE LA WEB en aquest sentit. EL TITULAR DEL WEB no ser\u00e0 responsable de qualsevol tipus de perjudici, p\u00e8rdues, reclamacions o despeses de cap tipus, de la Informaci\u00f3 adquirida o accedida per oa trav\u00e9s del lloc web, de virus inform\u00e0tics, de fallades operatives o d\u2019interrupcions en el servei o transmissi\u00f3 , o fallades en la l\u00ednia. Queda prohibit transmetre o enviar a trav\u00e9s del lloc web qualsevol contingut il legal o il l\u00edcit, virus inform\u00e0tics, o missatges que, en general, afectin o violin drets d\u2019EL TITULAR DEL WEB o de tercers.\r\n<h3>PROPIETAT INDUSTRIAL I INTEL.LECTUAL<\/h3>\r\nAquesta web \u00e9s propietat d\u2019EL TITULAR DE LA WEB. Els drets de Propietat Intel lectual i drets d\u2019explotaci\u00f3 i reproducci\u00f3 d\u2019aquesta web, de les seves p\u00e0gines, pantalles, la informaci\u00f3 que contenen, la seva aparen\u00e7a i disseny, aix\u00ed com els vincles que s\u2019estableixin des d\u2019ella a altres p\u00e0gines, s\u00f3n propietat exclusiva d\u2019aquest, llevat que s\u2019especifiqui una altra cosa. Totes les denominacions, dissenys i \/ o logotips que componen aquesta p\u00e0gina s\u00f3n marques degudament registrades. Qualsevol \u00e9s indegut de les mateixes per persona diferent del seu leg\u00f3tim titular podr\u00e0 ser perseguit de conformitat amb la legislaci\u00f3 vigent. Els drets de propietat intel lectual i marques de tercers estan destacats convenientment i han de ser respectats per tot aquell que accedeixi a la web. Nom\u00e9s per a \u00fas personal i privat es permet descarregar els continguts, copiar o imprimir qualsevol p\u00e0gina d\u2019aquesta web. Queda prohibit reproduir, transmetre, modificar o suprimir la informaci\u00f3, contingut o advertiments d\u2019aquesta web sense la pr\u00e8via autoritzaci\u00f3 escrita d\u2019EL TITULAR DE LA WEB.\r\n<h2>LEGISLACI\u00d3 APLICABLE<\/h2>\r\nLes presents condicions generals es regeixen per la legislaci\u00f3 espanyola.\r\n<h2>POL\u00cdTICA DE PRIVACITAT<\/h2>\r\nAls efectes del que disposa la normativa vigent relativa a la protecci\u00f3 de dades de car\u00e0cter personal, EL TITULAR DEL WEB informa que les dades personals que ens pogu\u00e9s facilitar durant la navegaci\u00f3 pel nostre lloc web seran incorporades a un tractament de dades de responsabilitat de EL TITULAR DEL WEB, amb l\u2019\u00fanica finalitat de poder gestionar la seva petici\u00f2. Nom\u00e9s en el cas que l\u2019usuari hagi donat el seu consentiment expr\u00e9s, EL TITULAR DEL WEB li enviar\u00e0 informaci\u00f3; t\u00e8cnica, operativa i comercial, per qualsevol mitj\u00e0, incl\u00f2s el correu electr\u00f2nic i \/ o mitj\u00e0 equivalent, sobre productes, serveis, ofertes i novetats que considerem d\u2019inter\u00e8s per l\u2019usuari. EL TITULAR DEL WEB es compromet al compliment de la seva obligaci\u00f3 de secret de les dades de car\u00e0cter personal i del seu deure de guardar i adoptar\u00e0 les mesures necess\u00e0ries per evitar la seva alteraci\u00f3, p\u00e8rdua, tractament o acc\u00e9s no autoritzat, tenint en compte en tot moment l\u2019estat de la tecnologia, complint amb les mesures de seguretat t\u00e8cniques i organitzatives. Finalment, l\u2019informem sobre la possibilitat d\u2019exercitar els drets d\u2019acc\u00e9s, rectificaci\u00f3, cancel.laci\u00f3 i oposici\u00f3 mitjan\u00e7ant formulari adre\u00e7at a l\u2019administrador del sistema.\r\n\r\n<\/div>\r\n<\/div>\r\n<\/div>\r\n<\/div>\r\n<div class=\"et_pb_row et_pb_row_1\"><\/div>","_et_gb_content_width":"1080","footnotes":""},"class_list":["post-39","page","type-page","status-publish","hentry"],"_links":{"self":[{"href":"https:\/\/siqua.cat\/en\/wp-json\/wp\/v2\/pages\/39","targetHints":{"allow":["GET"]}}],"collection":[{"href":"https:\/\/siqua.cat\/en\/wp-json\/wp\/v2\/pages"}],"about":[{"href":"https:\/\/siqua.cat\/en\/wp-json\/wp\/v2\/types\/page"}],"author":[{"embeddable":true,"href":"https:\/\/siqua.cat\/en\/wp-json\/wp\/v2\/users\/1"}],"replies":[{"embeddable":true,"href":"https:\/\/siqua.cat\/en\/wp-json\/wp\/v2\/comments?post=39"}],"version-history":[{"count":0,"href":"https:\/\/siqua.cat\/en\/wp-json\/wp\/v2\/pages\/39\/revisions"}],"wp:attachment":[{"href":"https:\/\/siqua.cat\/en\/wp-json\/wp\/v2\/media?parent=39"}],"curies":[{"name":"wp","href":"https:\/\/api.w.org\/{rel}","templated":true}]}}