{"id":4834,"date":"2023-01-18T11:34:51","date_gmt":"2023-01-18T10:34:51","guid":{"rendered":"http:\/\/pink-hyena-985061.hostingersite.com\/?page_id=4834"},"modified":"2023-01-19T14:35:39","modified_gmt":"2023-01-19T13:35:39","slug":"politica-de-cookies","status":"publish","type":"page","link":"https:\/\/siqua.cat\/ca\/politica-de-cookies\/","title":{"rendered":"Pol\u00edtica de cookies"},"content":{"rendered":"\n<p>Les cookies s\u00f3n petits fitxers que s&#8217;instal\u00b7len a l&#8217;ordinador de l&#8217;usuari i que permeten al responsable d&#8217;un servei millorar la manera d&#8217;interactuar entre els visitants i el lloc web. En alguns casos, la instal\u00b7laci\u00f3 d&#8217;aquestes galetes requereix el consentiment de l&#8217;usuari.<\/p>\n\n\n\n<h2 class=\"wp-block-heading\">Hi ha diferents classes de cookies, afectades i no afectades per la Llei:<\/h2>\n\n\n\n<h3 class=\"wp-block-heading\">Cookies no afectades:<\/h3>\n\n\n\n<ul class=\"wp-block-list\">\n<li>T\u00e8cniques: S\u00f3n necess\u00e0ries per a la navegaci\u00f3. Sense elles la p\u00e0gina no funcionaria adequadament.<\/li>\n\n\n\n<li>De personalitzaci\u00f3 o configuraci\u00f3: Permeten que la p\u00e0gina reconegui l&#8217;idioma de l&#8217;usuari, la mida de lletres, etc.<\/li>\n\n\n\n<li>De seguretat: Impedeixen o dificulten atacs contra el lloc web o els usuaris.<\/li>\n<\/ul>\n\n\n\n<h3 class=\"wp-block-heading\">Cookies afectades:<\/h3>\n\n\n\n<ul class=\"wp-block-list\">\n<li>Anal\u00edtiques: permeten mesurar l&#8217;activitat dels usuaris i elaborar estad\u00edstiques de navegaci\u00f3.<\/li>\n\n\n\n<li>Publicit\u00e0ries: Gestionen la freq\u00fc\u00e8ncia i el contingut dels anuncis.<\/li>\n\n\n\n<li>De seguiment: Emmagatzemen informaci\u00f3 sobre els usuaris per mostrar publicitat personalitzada.<\/li>\n<\/ul>\n\n\n\n<p>\u201cSiqua\u201d informa que el lloc web utilitza les cookies seg\u00fcents al domini siqua.cat:<\/p>\n\n\n\n<p><strong>Cookies t\u00e8cniques: <\/strong>S\u00f3n aquelles que permeten a l&#8217;usuari la navegaci\u00f3 a trav\u00e9s d&#8217;una p\u00e0gina web, plataforma o aplicaci\u00f3 i la utilitzaci\u00f3 de les diferents opcions o serveis que hi hagi, incloent-hi aquelles que l&#8217;editor utilitza per permetre la gesti\u00f3 i operativa de la p\u00e0gina web i habilitar les seves funcions i serveis, com ara controlar el tr\u00e0nsit i la comunicaci\u00f3 de dades, identificar la sessi\u00f3, accedir a parts d&#8217;acc\u00e9s restringit, recordar els elements que integren una comanda, realitzar el proc\u00e9s de compra d&#8217;una comanda, gestionar el pagament, controlar el frau vinculat a la seguretat del servei, fer la sol\u00b7licitud d&#8217;inscripci\u00f3 o participaci\u00f3 en un esdeveniment, comptar visites a efectes de la facturaci\u00f3 de llic\u00e8ncies del programari amb qu\u00e8 funciona el servei (lloc web, plataforma o aplicaci\u00f3) , utilitzar elements de seguretat durant la navegaci\u00f3, emmagatzemar continguts per a la difusi\u00f3 de v\u00eddeos o so, habilitar continguts din\u00e0mics (per exemple, ani maci\u00f3 de c\u00e0rrega d&#8217;un text o imatge) o compartir continguts a trav\u00e9s de xarxes socials.<\/p>\n\n\n\n<figure class=\"wp-block-table\"><table><tbody><tr><td>Dominio<\/td><td>Titularidad<\/td><td>Nombre<\/td><td>Funci\u00f3n<\/td><td>Tipo<\/td><td>Duraci\u00f3n<\/td><\/tr><tr><td>siqua.cat<\/td><td>\u201cSiqua\u201d<\/td><td>cookieyes-consent<\/td><td>Determina si el usuario ha aceptado la casilla de consentimiento de cookies.<\/td><td>http<\/td><td>1 a\u00f1o<\/td><\/tr><\/tbody><\/table><\/figure>\n\n\n\n<p><strong>Galetes d&#8217;estad\u00edstiques:<\/strong> S\u00f3n aquelles que permeten al responsable de les mateixes el seguiment i an\u00e0lisi del comportament dels usuaris dels llocs web als quals estan vinculades, inclosa la quantificaci\u00f3 dels impactes dels anuncis. La informaci\u00f3 recollida mitjan\u00e7ant aquest tipus de galetes s&#8217;utilitza en el mesurament de l&#8217;activitat dels llocs web, aplicaci\u00f3 o plataforma, per introduir millores en funci\u00f3 de l&#8217;an\u00e0lisi de les dades d&#8217;\u00fas que fan els usuaris del servei.<\/p>\n\n\n\n<figure class=\"wp-block-table\"><table><tbody><tr><td>Dominio<\/td><td>Titularidad<\/td><td>Nombre<\/td><td>Funci\u00f3n<\/td><td>Tipo<\/td><td>Duraci\u00f3n<\/td><\/tr><tr><td>google.com<\/td><td>Google<\/td><td>_ga<\/td><td>Registra una identificaci\u00f3n \u00fanica que se usa para generar datos estad\u00edsticos sobre c\u00f3mo el visitante usa el sitio web.<\/td><td>http<\/td><td>399 d\u00edas<\/td><\/tr><tr><td>google.com<\/td><td>Google<\/td><td>_ga_#<\/td><td>Utilizada por Google Analytics para recopilar datos sobre la cantidad de veces que un usuario ha visitado el sitio web, as\u00ed como fechas de la primera y m\u00e1s reciente visita.<\/td><td>http<\/td><td>399 d\u00edas<\/td><\/tr><\/tbody><\/table><\/figure>\n\n\n\n<p>Un cop seleccionades les galetes al banner, per desactivar-les o reactivar-les al dispositiu ho haureu de fer a trav\u00e9s del vostre navegador d&#8217;Internet oa trav\u00e9s del mateix banner.<\/p>\n\n\n\n<p>Per a m\u00e9s informaci\u00f3 de com gestionar les cookies consulteu els seg\u00fcents enlla\u00e7os:<\/p>\n\n\n\n<ul class=\"wp-block-list\">\n<li>Chrome des d&#8217;aqu\u00ed: http:\/\/support.google.com\/chrome\/bin\/answer.py?hl=ca&amp;answer=95647<\/li>\n\n\n\n<li>Firefox des d&#8217;aqu\u00ed: http:\/\/support.mozilla.org\/es\/kb\/habilitar-y-deshabilitar-cookies-que-los-sitios-we<\/li>\n\n\n\n<li>Explorer des d&#8217;aqu\u00ed: https:\/\/support.microsoft.com\/ca-help\/17442\/windows-internet-explorer-delete-manage-cookies<\/li>\n\n\n\n<li>Safari des d&#8217;aqu\u00ed: http:\/\/support.apple.com\/kb\/ph5042<\/li>\n\n\n\n<li>Opera des d&#8217;aqu\u00ed: http:\/\/help.opera.com\/Windows\/11.50\/ca-ES\/cookies.html<\/li>\n<\/ul>\n\n\n\n<h2 class=\"wp-block-heading\">SERVEIS DE TERCERS<\/h2>\n\n\n\n<p>A \u201cSiqua\u201d, per a la gesti\u00f3 de reserves en l\u00ednia, utilitzem la plataforma TIMP integrada a la nostra p\u00e0gina web per a la gesti\u00f3 i programaci\u00f3 de reserves de visites, aix\u00ed com el processament dels pagaments.<\/p>\n\n\n\n<p>La plataforma de reserva de cites TIMP ens transfereix la informaci\u00f3 personal despr\u00e9s de finalitzar amb \u00e8xit la reserva de la cita. Per poder formalitzar la reserva caldr\u00e0 que el client es registri a la plataforma de reserva a la nostra web. La informaci\u00f3 que ens transmet TIMP \u00e9s imprescindible per poder fer el servei de la reserva. Aquesta informaci\u00f3 personal es recull de forma conscient i volunt\u00e0ria i nom\u00e9s s&#8217;utilitza per al prop\u00f2sit del servei. Per a m\u00e9s informaci\u00f3 accediu a: https:\/\/help.timp.pro\/es\/articles\/5682290-politica-de-privacidad-de-timp<\/p>\n\n\n\n<p>La plataforma de reserva de cites est\u00e0 enlla\u00e7ada amb una passarel\u00b7la de pagament per realitzar les transaccions de forma segura anomenada Stripe, que utilitza tecnologia encriptada amb certificaci\u00f3 PCI Service Provider Level 1. Per a m\u00e9s informaci\u00f3 accediu a: https:\/\/stripe. com\/docs\/security\/guide<\/p>\n\n\n\n<p><strong>Cookies t\u00e8cniques<\/strong>: S\u00f3n aquelles que permeten a l&#8217;usuari la navegaci\u00f3 a trav\u00e9s d&#8217;una p\u00e0gina web, plataforma o aplicaci\u00f3 i la utilitzaci\u00f3 de les diferents opcions o serveis que hi hagi, incloent-hi aquelles que l&#8217;editor utilitza per permetre la gesti\u00f3 i operativa de la p\u00e0gina web i habilitar les seves funcions i serveis, com ara controlar el tr\u00e0nsit i la comunicaci\u00f3 de dades, identificar la sessi\u00f3, accedir a parts d&#8217;acc\u00e9s restringit, recordar els elements que integren una comanda, realitzar el proc\u00e9s de compra d&#8217;una comanda, gestionar el pagament, controlar el frau vinculat a la seguretat del servei, fer la sol\u00b7licitud d&#8217;inscripci\u00f3 o participaci\u00f3 en un esdeveniment, comptar visites a efectes de la facturaci\u00f3 de llic\u00e8ncies del programari amb qu\u00e8 funciona el servei (lloc web, plataforma o aplicaci\u00f3) , utilitzar elements de seguretat durant la navegaci\u00f3, emmagatzemar continguts per a la difusi\u00f3 de v\u00eddeos o so, habilitar continguts din\u00e0mics (per exemple, ani maci\u00f3 de c\u00e0rrega d&#8217;un text o imatge) o compartir continguts a trav\u00e9s de xarxes socials.<\/p>\n\n\n\n<figure class=\"wp-block-table\"><table><tbody><tr><td>Dominio<\/td><td>Titularidad<\/td><td>Nombre<\/td><td>Funci\u00f3n<\/td><td>Tipo<\/td><td>Duraci\u00f3n<\/td><\/tr><tr><td>stripe.com<\/td><td>Stripe<\/td><td>__stripe_mid<\/td><td>Para la prevenci\u00f3n de fraude<\/td><td>http<\/td><td>1 a\u00f1o<\/td><\/tr><tr><td>stripe.com<\/td><td>Stripe<\/td><td>__stripe_sid<\/td><td>Para la prevenci\u00f3n de fraude<\/td><td>http<\/td><td>30 minutos<\/td><\/tr><\/tbody><\/table><\/figure>\n\n\n\n<p>Addicionalment, \u201cSiqua\u201d t\u00e9 pres\u00e8ncia en portals per als quals, si voleu con\u00e8ixer les condicions de privadesa i \u00fas de cookies, caldr\u00e0 consultar les pol\u00edtiques proporcionades pels mateixos:<\/p>\n\n\n\n<ul class=\"wp-block-list\">\n<li>Facebook: https:\/\/www.facebook.com\/policies\/cookies\/<\/li>\n\n\n\n<li>Twitter: https:\/\/twitter.com\/privacy<\/li>\n\n\n\n<li>Youtube: https:\/\/policies.google.com\/technologies\/cookies?hl=ca<\/li>\n\n\n\n<li>Linkedin: http:\/\/www.linkedin.com\/legal\/privacy-policy<\/li>\n\n\n\n<li>Google: https:\/\/policies.google.com\/technologies\/cookies?hl=ca<\/li>\n\n\n\n<li>Instagram: https:\/\/help.instagram.com\/<\/li>\n<\/ul>\n","protected":false},"excerpt":{"rendered":"<p>Les cookies s\u00f3n petits fitxers que s&#8217;instal\u00b7len a l&#8217;ordinador de l&#8217;usuari i que permeten al responsable d&#8217;un servei millorar la manera d&#8217;interactuar entre els visitants i el lloc web. En alguns casos, la instal\u00b7laci\u00f3 d&#8217;aquestes galetes requereix el consentiment de l&#8217;usuari. Hi ha diferents classes de cookies, afectades i no afectades per la Llei: Cookies [&hellip;]<\/p>\n","protected":false},"author":1,"featured_media":0,"parent":0,"menu_order":0,"comment_status":"closed","ping_status":"closed","template":"","meta":{"_et_pb_use_builder":"off","_et_pb_old_content":"<div class=\"et_pb_module et_pb_text et_pb_text_0  et_pb_text_align_left et_pb_bg_layout_light\">\r\n<div class=\"et_pb_text_inner\">\r\n<h2>Qu\u00e8 s\u00f3n les\u00a0<em>cookies<\/em>?<\/h2>\r\nLes\u00a0<em>cookies<\/em>\u00a0s\u00f3n petits arxius de dades que es reben en el terminal des del lloc web visitat i s\u2019usen per registrar certes interacciones de la navegaci\u00f3 en un lloc web emmagatzemant dades que podran ser actualitzades i recuperades. Aquests arxius s\u2019emmagatzemen en l\u2019ordinador de l\u2019usuari i contenen dades an\u00f2nimes que no s\u00f3n perjudicials per al seu equip. S\u2019utilitzen per recordar les prefer\u00e8ncies de l\u2019usuari, com ara l\u2019idioma seleccionat, les dades d\u2019acc\u00e9s o la personalitzaci\u00f3 de la p\u00e0gina.\r\n\r\nLes\u00a0<em>cookies<\/em>\u00a0tamb\u00e9 poden ser utilitzades per registrar informaci\u00f3 an\u00f2nima sobre com utilitza el lloc el visitant. Per exemple, des de quina p\u00e0gina web hi ha accedit o si ha utilitzat un b\u00e0ner publicitari per arribar-hi.\r\n<h2>Per qu\u00e8 ARTICAGENCY.COM utilitza <em>cookies<\/em>?<\/h2>\r\nARTICAGENCY.COM utilitza <em>cookies<\/em>\u00a0estrictament necess\u00e0ries i essencials perqu\u00e8 vost\u00e8 faci servir els nostres llocs web i pugui moure\u2019s lliurement, utilitzar \u00e0rees segures, configurar opcions personalitzades, etc. A m\u00e9s a m\u00e9s, utilitza\u00a0<em>cookies<\/em>\u00a0que recullen dades relatives a l\u2019an\u00e0lisi d\u2019\u00fas del web. Aquestes s\u2019utilitzen per ajudar a millorar el servei per l\u2019usuari, mesurant l\u2019\u00fas i el rendiment de la p\u00e0gina per optimitzar-la i personalitzar-la.\r\n\r\nEls nostres llocs tamb\u00e9 poden tenir enlla\u00e7os de xarxes socials (com Facebook o Twitter). ARTICAGENCY.COM no controla les <em>cookies<\/em>\u00a0utilitzades per aquests webs externs. Per a m\u00e9s informaci\u00f3 sobre les<em>cookies<\/em>\u00a0de les xarxes socials o altres webs aliens, aconsellem que revisi les seves pr\u00f2pies pol\u00edtiques de\u00a0<em>cookies<\/em>.\r\n<h2>Quin \u00fas donem als diferents tipus de\u00a0<em>cookies<\/em>?<\/h2>\r\n<h3>Segons la seva finalitat:<\/h3>\r\n<table><colgroup> <col width=\"30%\" \/> <col width=\"70%\" \/> <\/colgroup>\r\n<tbody>\r\n<tr>\r\n<td>Cookies t\u00e8cniques<\/td>\r\n<td>Les\u00a0<em>cookies<\/em>\u00a0t\u00e8cniques s\u00f3n aquelles imprescindibles i estrictament necess\u00e0ries per al funcionament correcte d\u2019un portal web i la utilitzaci\u00f3 de les diferents opcions i serveis que ofereix.\r\n\r\n\u00a0\r\n\r\nPer exemple, les que serveixen per al manteniment de la sessi\u00f3, gesti\u00f3 del temps de resposta, rendiment o validaci\u00f3 d\u2019opcions, \u00fas d\u2019elements de seguretat, compartici\u00f3 de contingut amb xarxes socials, etc.<\/td>\r\n<\/tr>\r\n<tr>\r\n<td>Cookies de personalitzaci\u00f3<\/td>\r\n<td>Aquestes\u00a0<em>cookies<\/em>\u00a0permeten a l\u2019usuari especificar o personalitzar algunes caracter\u00edstiques de les opcions generales de la p\u00e0gina web. Per exemple, definir l\u2019idioma, la configuraci\u00f3 regional o el tipus de navegador.<\/td>\r\n<\/tr>\r\n<tr>\r\n<td>Cookies anal\u00edtiques<\/td>\r\n<td>Les\u00a0<em>cookies<\/em>\u00a0anal\u00edtiques s\u00f3n les utilitzades pels nostres portals web per elaborar perfils de navegaci\u00f3 i poder con\u00e8ixer les prefer\u00e8ncies dels usuaris amb la finalitat de millorar l\u2019oferta de productes i serveis.\r\n\r\n\u00a0\r\n\r\nPer exemple, mitjan\u00e7ant una\u00a0<em>cookie<\/em>\u00a0anal\u00edtica es controlarien les \u00e0rees geogr\u00e0fiques de m\u00e9s inter\u00e8s d\u2019un usuari, quin \u00e9s el producte de m\u00e9s acceptaci\u00f3, etc.<\/td>\r\n<\/tr>\r\n<tr>\r\n<td>Cookies publicit\u00e0ries \/ de publicitat<\/td>\r\n<td>Les\u00a0<em>cookies<\/em>\u00a0publicit\u00e0ries permeten la gesti\u00f3 dels espais publicitaris d\u2019acord amb criteris concrets. Per exemple, la freq\u00fc\u00e8ncia d\u2019acc\u00e9s, el contingut editat, etc.\r\n\r\n\u00a0\r\n\r\nLes\u00a0<em>cookies<\/em>\u00a0publicit\u00e0ries permeten, a trav\u00e9s de la gesti\u00f3 de la publicitat, emmagatzemar informaci\u00f3 del comportament a trav\u00e9s de l\u2019observaci\u00f3 d\u2019h\u00e0bits, estudiant els accessos i formant un perfil de prefer\u00e8ncies de l\u2019usuari, per oferir-li publicitat relacionada amb els interessos del seu perfil.<\/td>\r\n<\/tr>\r\n<\/tbody>\r\n<\/table>\r\n<h3>Segons termini:<\/h3>\r\n<table><colgroup> <col width=\"30%\" \/> <col width=\"70%\" \/> <\/colgroup>\r\n<tbody>\r\n<tr>\r\n<td>Cookies de sessi\u00f3<\/td>\r\n<td>Les\u00a0<em>cookies<\/em>\u00a0de sessi\u00f3 s\u00f3n aquelles que duren el temps que l\u2019usuari est\u00e0 navegant per la p\u00e0gina web i s\u2019esborren quan acaba de fer-ho.<\/td>\r\n<\/tr>\r\n<tr>\r\n<td>Cookies persistents<\/td>\r\n<td>Aquestes\u00a0<em>cookies<\/em>\u00a0queden emmagatzemades en el terminal de l\u2019usuari durant un temps m\u00e9s llarg, facilitant aix\u00ed el control de les prefer\u00e8ncies triades sense haver de repetir certs par\u00e0metres cada vegada que es visiti el lloc web.<\/td>\r\n<\/tr>\r\n<\/tbody>\r\n<\/table>\r\n<h2>I si no vull tenir aquestes\u00a0<em>cookies<\/em>\u00a0o no en faig res?<\/h2>\r\nPer complir amb la legislaci\u00f3 vigent, hem de demanar-li perm\u00eds per gestionar\u00a0<em>cookies<\/em>. Si decideix no autoritzar el tractament indicant-nos que no hi est\u00e0 d\u2019acord, nom\u00e9s utilitzar\u00edem les\u00a0<em>cookies<\/em>\u00a0t\u00e8cniques, ja que s\u00f3n imprescindibles per navegar pel nostre web. En aquest cas, no emmagatzemar\u00edem cap <em>cookie<\/em>. Si continua navegant pel nostre lloc web sense denegar-ne l\u2019autoritzaci\u00f3, aix\u00f2 implica que n\u2019accepta l\u2019\u00fas.\r\n\r\nTingui en compte que si rebutja o esborra les\u00a0<em>cookies<\/em>\u00a0de navegaci\u00f3 pel web , no podrem mantenir les seves prefer\u00e8ncies, algunes caracter\u00edstiques de les p\u00e0gines no estaran operatives, no podrem oferir-li serveis personalitzats i cada vegada que navegui pel nostre web haurem de sol\u00b7licitar-li de nou la seva autoritzaci\u00f3 per a l\u2019\u00fas de\u00a0<em>cookies<\/em>.\r\n\r\nSi, tot i aix\u00f2, decideix modificar la configuraci\u00f3 del seu acc\u00e9s a la p\u00e0gina web, ha de saber que \u00e9s possible eliminar les\u00a0<em>cookies<\/em>\u00a0o impedir que es registre aquesta informaci\u00f3 en el seu equip en qualsevol moment mitjan\u00e7ant la modificaci\u00f3 dels par\u00e0metres de configuraci\u00f3 del seu navegador:\r\n<ul>\r\n \t<li><a href=\"http:\/\/windows.microsoft.com\/es-es\/windows-vista\/block-or-allow-cookies\" target=\"_blanc\" rel=\"noopener noreferrer nofollow\">Configuraci\u00f3 de\u00a0<em>cookies<\/em>\u00a0d\u2019Internet Explorer<\/a><\/li>\r\n \t<li><a href=\"https:\/\/support.mozilla.org\/ca\/kb\/enable-and-disable-cookies-website-preferences\" target=\"_blanc\" rel=\"noopener noreferrer nofollow\">Configuraci\u00f3 de\u00a0<em>cookies<\/em>\u00a0de Firefox<\/a><\/li>\r\n \t<li><a href=\"https:\/\/support.google.com\/chrome\/answer\/95647?hl=ca\" target=\"_blanc\" rel=\"noopener noreferrer nofollow\">Configuraci\u00f3 de\u00a0<em>cookies<\/em>\u00a0de Google Chrome<\/a><\/li>\r\n \t<li><a href=\"https:\/\/support.apple.com\/kb\/HT1677?viewlocale=es_ES&locale=es_ES\" target=\"_blanc\" rel=\"noopener noreferrer nofollow\">Configuraci\u00f3 de\u00a0<em>cookies<\/em>\u00a0de Safari<\/a><\/li>\r\n<\/ul>\r\nAquests navegadors estan sotmesos a actualitzacions o modificacions, per la qual cosa no podem garantir que s\u2019ajustin completament a la versi\u00f3 del seu navegador. Tamb\u00e9 pot ser que utilitzi un altre navegador no contemplat en aquests enlla\u00e7os com Konqueror, Arora, Flock, etc. Per evitar aquests desajustos, pot accedir directament des de les opcions del seu navegador que es troba generalment al men\u00fa d\u2019Opcions, a la secci\u00f3 de \u201cPrivadesa\u201d. (Si us plau, consulteu l\u2019ajuda del seu navegador per m\u00e9s informaci\u00f3.)\r\n<h2>Les dades recollides en les\u00a0<em>cookies<\/em>, es fan servir en webs que no s\u00f3n d\u2019ARTICAGENCY.COM?<\/h2>\r\nAlguna de les nostres\u00a0<em>cookies<\/em> s\u2019utilitza per generar publicitat en xarxes de tercers o per fer anal\u00edtiques per a les quals utilitzem eines externes al ARTICAGENCY.COM. Les\u00a0<em>cookies<\/em>\u00a0emprades s\u00f3n per a \u00fas exclusiu del banc i el seu grup d\u2019empreses, que en cap cas les comercialitza.\r\n\r\nEn ARTICAGENCY.COM treballem amb prove\u00efdors de confian\u00e7a que ens ajuden en la gesti\u00f3 i personalitzaci\u00f3 de les nostres p\u00e0gines web.\r\n<h2>Aleshores, qu\u00e8 significa la informaci\u00f3 anterior?<\/h2>\r\nSi accepta les nostres\u00a0<em>cookies<\/em>, ens permet la millora dels webs de ARTICAGENCY.COM per oferir-li un acc\u00e9s \u00f2ptim i donar-li un servei m\u00e9s efica\u00e7 i personalitzat.\r\n\r\nA m\u00e9s a m\u00e9s, vost\u00e8 pot configurar el seu navegador per establir que sols els llocs web de confian\u00e7a o les p\u00e0gines per qu\u00e8 est\u00e0 navegant en aquest moment puguin gestionar\u00a0<em>cookies<\/em>, la qual cosa li permet seleccionar les seves prefer\u00e8ncies.\r\n\r\nAmb aquesta pol\u00edtica, ARTICAGENCY.COM demostra el comprom\u00eds adquirit amb la legislaci\u00f3 vigent sobre l\u2019\u00fas de <em>cookies<\/em>, donant-li informaci\u00f3 perqu\u00e8 vost\u00e8 pugui comprendre quin tipus de\u00a0<em>cookies<\/em>utilitzarem i per qu\u00e8 ho fem. Amb aix\u00f2 pretenem proporcionar-li transpar\u00e8ncia en relaci\u00f3 a les dades tractades durant la navegaci\u00f3 feta des del seu equip en el nostre web.\r\n\r\nAquesta pol\u00edtica es revisa peri\u00f2dicament per assegurar la seva vig\u00e8ncia, per la qual cosa pot ser modificada. Li recomanem que visiti la p\u00e0gina amb regularitat, on l\u2019informarem de qualsevol actualitzaci\u00f3.\r\n<h2>On puc obtenir m\u00e9s informaci\u00f3?<\/h2>\r\nSi necessita obtenir m\u00e9s informaci\u00f3 sobre la directiva de\u00a0<em>cookies<\/em>, si us plau, consulti el\u00a0Butllet\u00ed Oficial de l\u2019Estat\u00a0publicat el passat 31 de mar\u00e7 de 2012 (per a Espanya), en qu\u00e8 es transposen les directives en mat\u00e8ria de comunicacions electr\u00f2niques. Tamb\u00e9 es pot consultar la directiva a\u00a0<a href=\"https:\/\/ico.org.uk\/\" target=\"_blank\" rel=\"noopener noreferrer nofollow\">Information Commissioner Office<\/a>\u00a0(en angl\u00e8s).\r\n\r\nAddicionalment, pot accedir a uns v\u00eddeos did\u00e0ctics publicats per l\u2019Ag\u00e8ncia Espanyola de Protecci\u00f3 de Dades en qu\u00e8 s\u2019explica, pas a pas, com configurar les opcions de privacitat dels navegadors, les xarxes socials i els sistemes operatius m\u00f2bils m\u00e9s comuns, a\u00a0<a href=\"https:\/\/www.youtube.com\/user\/desdelaAEPD\" target=\"_blank\" rel=\"noopener noreferrer nofollow\">V\u00eddeos AEPD<\/a>.\r\n\r\n<\/div>\r\n<\/div>","_et_gb_content_width":"1080","footnotes":""},"class_list":["post-4834","page","type-page","status-publish","hentry"],"_links":{"self":[{"href":"https:\/\/siqua.cat\/ca\/wp-json\/wp\/v2\/pages\/4834","targetHints":{"allow":["GET"]}}],"collection":[{"href":"https:\/\/siqua.cat\/ca\/wp-json\/wp\/v2\/pages"}],"about":[{"href":"https:\/\/siqua.cat\/ca\/wp-json\/wp\/v2\/types\/page"}],"author":[{"embeddable":true,"href":"https:\/\/siqua.cat\/ca\/wp-json\/wp\/v2\/users\/1"}],"replies":[{"embeddable":true,"href":"https:\/\/siqua.cat\/ca\/wp-json\/wp\/v2\/comments?post=4834"}],"version-history":[{"count":0,"href":"https:\/\/siqua.cat\/ca\/wp-json\/wp\/v2\/pages\/4834\/revisions"}],"wp:attachment":[{"href":"https:\/\/siqua.cat\/ca\/wp-json\/wp\/v2\/media?parent=4834"}],"curies":[{"name":"wp","href":"https:\/\/api.w.org\/{rel}","templated":true}]}}