{"id":39,"date":"2022-09-30T12:13:29","date_gmt":"2022-09-30T11:13:29","guid":{"rendered":"http:\/\/pink-hyena-985061.hostingersite.com\/?page_id=39"},"modified":"2023-01-19T14:03:29","modified_gmt":"2023-01-19T13:03:29","slug":"avis-legal","status":"publish","type":"page","link":"https:\/\/siqua.cat\/ca\/avis-legal\/","title":{"rendered":"Av\u00eds legal"},"content":{"rendered":"\n<p>En compliment amb el que estableix l&#8217;article 10 de la Llei 34\/2002 d&#8217;11 de juliol, de serveis de la Societat de la Informaci\u00f3 i el Comer\u00e7 Electr\u00f2nic (LSSICE), s&#8217;informa dels aspectes legals seg\u00fcents:<\/p>\n\n\n\n<h2 class=\"wp-block-heading\">Propietat del lloc web<\/h2>\n\n\n\n<ul class=\"wp-block-list\">\n<li><strong>Titular<\/strong>: Lidia Blasco Casanellas<\/li>\n\n\n\n<li><strong>Nom comercial<\/strong>: SIQUA<\/li>\n\n\n\n<li><strong>DNI<\/strong>: 77.120.995-V<\/li>\n\n\n\n<li><strong>Tel\u00e8fon<\/strong>: 688 733 911<\/li>\n\n\n\n<li><strong>Contacte<\/strong>: info@siqua.cat<\/li>\n<\/ul>\n\n\n\n<h2 class=\"wp-block-heading\">Condicions generals d&#8217;\u00fas<\/h2>\n\n\n\n<h3 class=\"wp-block-heading\">Titular<\/h3>\n\n\n\n<p>Siqua, com a titular i responsable del present lloc web, posa a disposici\u00f3 dels usuaris aquest document per donar compliment a les obligacions de la Llei 34\/2002, de Serveis de la Societat de la Informaci\u00f3 i del Comer\u00e7 Electr\u00f2nic.<\/p>\n\n\n\n<h3 class=\"wp-block-heading\">Objecte<\/h3>\n\n\n\n<p>La p\u00e0gina web de Siqua t\u00e9 com a objecte facilitar al p\u00fablic informaci\u00f3 sobre els seus serveis de fisioter\u00e0pia.<\/p>\n\n\n\n<h3 class=\"wp-block-heading\">Continguts<\/h3>\n\n\n\n<p>A fi de mantenir actualitzada la informaci\u00f3 publicada al portal web, els continguts d&#8217;aquest podran ser modificats, corregits, eliminats o afegits en qualsevol moment, per la qual cosa ser\u00e0 convenient comprovar-ne la vig\u00e8ncia o exactitud acudint sempre als textos de la p\u00e0gina web.<\/p>\n\n\n\n<p>El titular del lloc web es reserva la facultat d&#8217;efectuar, en qualsevol moment i sense necessitat de previ av\u00eds, modificacions i actualitzacions de la informaci\u00f3 continguda a la seva web oa la configuraci\u00f3 i presentaci\u00f3 d&#8217;aquesta.<\/p>\n\n\n\n<h3 class=\"wp-block-heading\">Acceptaci\u00f3<\/h3>\n\n\n\n<p>L&#8217;\u00fas de qualsevol de les funcionalitats del lloc web implica l&#8217;expressa i plena acceptaci\u00f3 de les condicions aqu\u00ed exposades, sens perjudici d&#8217;aquelles particulars que es puguin aplicar a alguns dels serveis concrets oferts a trav\u00e9s del lloc web.<\/p>\n\n\n\n<h2 class=\"wp-block-heading\">Acc\u00e9s a la p\u00e0gina web<\/h2>\n\n\n\n<p>Com s&#8217;ha detallat anteriorment, l&#8217;acc\u00e9s a la web de Siqua \u00e9s responsabilitat exclusiva dels usuaris i suposa acceptar i con\u00e8ixer l&#8217;av\u00eds legal, la pol\u00edtica de cookies i la pol\u00edtica de privadesa, aix\u00ed com els termes i condicions d&#8217;\u00fas.<\/p>\n\n\n\n<h3 class=\"wp-block-heading\">Acc\u00e9s gratu\u00eft<\/h3>\n\n\n\n<p>L&#8217;acc\u00e9s a la p\u00e0gina web per als usuaris t\u00e9 car\u00e0cter gratu\u00eft, llevat que es refereixi al cost de la connexi\u00f3 a Internet subministrada pel Prove\u00efdor d&#8217;acc\u00e9s a Internet (ISP) contractat pel vostre compte.<\/p>\n\n\n\n<h2 class=\"wp-block-heading\">Reserves<\/h2>\n\n\n\n<p>Si l&#8217;usuari vol fer una reserva de sessi\u00f3 de fisioter\u00e0pia, ser\u00e0 redirigit a la passarel\u00b7la de pagament Stripe, tal com s&#8217;indica a la nostra Pol\u00edtica de Privadesa.<\/p>\n\n\n\n<h2 class=\"wp-block-heading\">Condicions generals d\u00fas<\/h2>\n\n\n\n<p>La utilitzaci\u00f3 de la p\u00e0gina web de Siqua per qualsevol persona atribueix la condici\u00f3 d&#8217;Usuari. L&#8217;usuari es compromet a fer-ne un \u00fas conforme al present Av\u00eds Legal ia no utilitzar la informaci\u00f3, activitats i serveis que el \u201cSiqua\u201d posa a la seva disposici\u00f3 per desenvolupar activitats contr\u00e0ries a les lleis.<\/p>\n\n\n\n<h3 class=\"wp-block-heading\">Continguts<\/h3>\n\n\n\n<p>Els continguts de la p\u00e0gina web del Siqua s\u00f3n posats a disposici\u00f3 de l&#8217;usuari com a informaci\u00f3 pr\u00f2pia i de tercers, per la qual cosa el Siqua posar\u00e0 els mitjans raonables a la seva disposici\u00f3 perqu\u00e8 aquests continguts siguin sempre exactes i actualitzats.<\/p>\n\n\n\n<h3 class=\"wp-block-heading\">Serveis interactius<\/h3>\n\n\n\n<p>Quant a l&#8217;\u00fas dels serveis interactius que permetin la divulgaci\u00f3 de continguts per part de l&#8217;usuari a trav\u00e9s de la p\u00e0gina web del Siqua, si en algun moment n&#8217;hi hagu\u00e9s, ser\u00e0 conforme a la llei i aquest av\u00eds legal. \u201cSiqua\u201d no es fa responsable de la informaci\u00f3 i continguts emmagatzemats, a t\u00edtol enunciatiu, per\u00f2 no limitatiu, en f\u00f2rums, xats, generadors de blocs, comentaris, xarxes socials o qualsevol altre mitj\u00e0 que permeti a tercers publicar continguts de forma independent a la p\u00e0gina web del prestador. Aix\u00f2 no obstant, i en compliment del que disposa l&#8217;art. 11 i 16 de la LSSICE, el prestador es posa a disposici\u00f3 de tots els usuaris, Autoritats i Forces de seguretat, i col\u00b7laborant de forma activa en la retirada o si \u00e9s el cas bloqueig de tots aquells continguts que poguessin afectar o contravenir la legislaci\u00f3 nacional, o internacional, drets de tercers o moral i ordre p\u00fablic.<\/p>\n\n\n\n<h3 class=\"wp-block-heading\">Informaci\u00f3 vera\u00e7<\/h3>\n\n\n\n<p>En cas de comunicar-se amb Siqua, l&#8217;usuari haur\u00e0 de facilitar informaci\u00f3 vera\u00e7, per la qual cosa l&#8217;usuari garantir\u00e0 sempre l&#8217;autenticitat de les dades comunicades. Ser\u00e0 responsabilitat de lusuari mantenir tota la informaci\u00f3 facilitada actualitzada.<\/p>\n\n\n\n<h3 class=\"wp-block-heading\">Usuaris menors d&#8217;edat<\/h3>\n\n\n\n<p>Els usuaris menors han d&#8217;obtenir sempre pr\u00e8viament el consentiment dels pares, tutors o representants legals per a l&#8217;\u00fas dels serveis. La responsabilitat en la determinaci\u00f3 dels continguts a qu\u00e8 accedeix un menor \u00e9s responsabilitat dels pares, tutors o representants legals. Per evitar lacc\u00e9s a contingut no apropiat per internet es recomana l\u00fas de programes o filtres que limitin el contingut disponible.<\/p>\n\n\n\n<h3 class=\"wp-block-heading\">\u00das correcte de la p\u00e0gina web<\/h3>\n\n\n\n<p>L&#8217;Usuari es compromet a la correcta utilitzaci\u00f3 de la web i utilitats que se li proporcionin d&#8217;acord amb la llei, aquest Av\u00eds Legal i les instruccions i avisos que se li comuniquin. L&#8217;Usuari s&#8217;obliga a l&#8217;\u00fas exclusiu de la web i tots els seus continguts, per a fins l\u00edcits i no prohibits, que no infringeixin la legalitat vigent i\/o puguin resultar lesius dels drets leg\u00edtims de Siqua, i\/o que puguin causar qualsevol dany o perjudici de manera directa o indirecta.<\/p>\n\n\n\n<h2 class=\"wp-block-heading\">Propietat intel\u00b7lectual, industrial<\/h2>\n\n\n\n<p>Tots els elements que formen el lloc web, aix\u00ed com la seva estructura, disseny, fotografies, icones, gr\u00e0fics, imatges, codi font, logotips, marques i altres signes distintius que hi apareixen, s\u00f3n propietat intel\u00b7lectual de \u201cSiqua\u201d oa la seva cas de tercers, llevat que s&#8217;especifiqui el contrari, i estan protegits pels drets de propietat intel\u00b7lectual i industrial corresponents. L&#8217;usuari no podr\u00e0 utilitzar la marca gr\u00e0fica o qualsevol altre signe distintiu de \u201cSiqua\u201d dins de la seva p\u00e0gina web excepte en els casos expressament autoritzats per \u201cSiqua\u201d. Aquestes autoritzacions es demanaran per escrit a \u201cSiqua\u201d. Per tot aix\u00f2, l&#8217;usuari que accedeixi a la p\u00e0gina web haur\u00e0 de respectar en tot moment tots els drets de propietat intel\u00b7lectual i industrial de la p\u00e0gina web titularitat de \u201cSiqua\u201d o de tercers.<\/p>\n\n\n\n<p>La reproducci\u00f3 total o parcial, \u00fas, distribuci\u00f3 i comunicaci\u00f3 p\u00fablica requereix l&#8217;autoritzaci\u00f3 escrita pr\u00e8via per part de Siqua. Qualsevol \u00fas no autoritzat pr\u00e8viament per part de Siqua ser\u00e0 considerat un incompliment greu dels drets de propietat intel\u00b7lectual o industrial.<\/p>\n\n\n\n<p>Igualment estan protegits pels corresponents drets de propietat intel\u00b7lectual i industrial les imatges i altres elements gr\u00e0fics continguts al lloc web. L&#8217;\u00fas, reproducci\u00f3, distribuci\u00f3, comunicaci\u00f3 p\u00fablica, transformaci\u00f3 o qualsevol altra activitat similar o an\u00e0loga, queda totalment prohibida llevat que hi hagi pr\u00e8via i expressa autoritzaci\u00f3 del titular.<\/p>\n\n\n\n<p>Respecte a les cites de productes i\/o serveis de tercers, el titular del lloc web reconeix a favor dels seus titulars els corresponents drets de propietat industrial i intel\u00b7lectual no implicant la seva sola menci\u00f3 o aparici\u00f3 a la web l&#8217;exist\u00e8ncia de drets ni de cap responsabilitat sobre aquests, com tampoc patrocini o recomanaci\u00f3.<\/p>\n\n\n\n<h3 class=\"wp-block-heading\">Enlla\u00e7os de tercers a la p\u00e0gina de \u201cSiqua\u201d<\/h3>\n\n\n\n<p>Si un usuari vol introduir un enlla\u00e7 des de la seva p\u00e0gina web a la p\u00e0gina web de Siqua haur\u00e0 d&#8217;obtenir autoritzaci\u00f3 de Siqua.<\/p>\n\n\n\n<p>El titular del lloc web declara el respecte als drets de propietat intel\u00b7lectual i industrial de tercers; per aix\u00f2, si considereu que al nostre lloc web es poguessin estar violant els seus drets, preguem es posi en contacte amb el titular de la p\u00e0gina web: lidiablasco@fisioterapeutes.org<\/p>\n\n\n\n<h2 class=\"wp-block-heading\">Exclusi\u00f3 de garanties i responsabilitat<\/h2>\n\n\n\n<p>L&#8217;Usuari respondr\u00e0 pels danys i perjudicis de tota naturalesa que el Siqua pugui patir com a conseq\u00fc\u00e8ncia de l&#8217;incompliment de qualsevol de les obligacions a qu\u00e8 queda sotm\u00e8s per aquest Av\u00eds Legal.<\/p>\n\n\n\n<h2 class=\"wp-block-heading\">Protecci\u00f3 de dades<\/h2>\n\n\n\n<p>Per a aquells casos que es demanin, tractin o emmagatzemin dades personals es far\u00e0 de conformitat amb la Pol\u00edtica de Privadesa publicada a la p\u00e0gina web i que podeu consultar al peu d&#8217;aquesta mateixa.<\/p>\n\n\n\n<h2 class=\"wp-block-heading\">Pol\u00edtica de cookies<\/h2>\n\n\n\n<p>Al text legal de la pol\u00edtica de cookies es troba detallat l&#8217;\u00fas de les cookies i podeu consultar-lo al peu d&#8217;aquesta p\u00e0gina web.<\/p>\n\n\n\n<h2 class=\"wp-block-heading\">Acc\u00e9s a la p\u00e0gina web<\/h2>\n\n\n\n<p>&#8220;Siqua&#8221; no es responsabilitza dels danys i perjudicis de qualsevol tipus produ\u00efts a l&#8217;usuari a conseq\u00fc\u00e8ncia de fallades a les xarxes de telecomunicacions que produeixin la suspensi\u00f3, cancel\u00b7laci\u00f3 o interrupci\u00f3 del servei de la p\u00e0gina web durant la prestaci\u00f3 d&#8217;aquest o amb car\u00e0cter previ .<\/p>\n\n\n\n<h2 class=\"wp-block-heading\">Qualitat del servei i dels continguts<\/h2>\n\n\n\n<p>El titular del lloc web no garanteix la inexist\u00e8ncia d&#8217;errors en l&#8217;acc\u00e9s a la web, en el seu contingut, ni que aquest estigui actualitzat, encara que el titular del lloc web desenvolupar\u00e0 els seus millors esfor\u00e7os per, si escau, evitar-los, esmenar-los o actualitzar-los . En cas que l&#8217;usuari consideri que hi ha algun contingut que pogu\u00e9s ser susceptible d&#8217;aquesta classificaci\u00f3, cal que us poseu en contacte amb el titular del lloc web.<\/p>\n\n\n\n<p>Tant l&#8217;acc\u00e9s al lloc web, com l&#8217;\u00fas que es pugui fer de la informaci\u00f3 continguda en aquests, \u00e9s de responsabilitat exclusiva de qui el realitza.<\/p>\n\n\n\n<p>Siqua intentar\u00e0 garantir sempre el correcte funcionament de la p\u00e0gina web les 24 hores al dia, els 365 dies de l&#8217;any, encara que no es pot descartar la possibilitat que hi hagi determinades causes de for\u00e7a major, cat\u00e0strofes naturals, vagues, o qualsevol altra circumst\u00e0ncia semblant que facin impossible accedir a la p\u00e0gina web. Per tot aix\u00f2, \u201cSiqua\u201d no es fa responsable dels danys i perjudicis de qualsevol naturalesa que poguessin ocasionar-se a conseq\u00fc\u00e8ncia de la manca de disponibilitat, manteniment i efectiu funcionament de la web o dels seus serveis i continguts. Siqua no es fa responsable de l&#8217;exist\u00e8ncia de virus, programes maliciosos o lesius dels continguts, de l&#8217;\u00fas il\u00b7l\u00edcit, negligent, fraudulent o contrari a aquest Av\u00eds legal, o de la manca de licitud, qualitat, fiabilitat, utilitat i disponibilitat de els serveis prestats per tercers a disposici\u00f3 dels usuaris del lloc web.<\/p>\n\n\n\n<p>Siqua es reserva el dret a interrompre en cas que ho consideri necessari l&#8217;acc\u00e9s a la seva p\u00e0gina web en qualsevol moment i sense av\u00eds previ, ja sigui per motius de seguretat, de control, de manteniment, per errors de subministrament el\u00e8ctric o per qualsevol altra causa. En resum, Siqua en cap cas no es responsabilitza de les conseq\u00fc\u00e8ncies d&#8217;eventuals interrupcions, ja que no pot garantir la fiabilitat, la disponibilitat ni la continu\u00eftat de la seva p\u00e0gina web.<\/p>\n\n\n\n<p>En compliment del que disposa la Llei de serveis de la societat de la informaci\u00f3 i de comer\u00e7 electr\u00f2nic, el titular del lloc web es posa a disposici\u00f3 de tots els usuaris, autoritats i forces de seguretat col\u00b7laborant de forma activa en la retirada o, en si escau, en el bloqueig de tots aquells continguts que poguessin afectar o contravenir la legislaci\u00f3 nacional o internacional, drets de tercers o la moral i l&#8217;ordre p\u00fablic.<\/p>\n\n\n\n<h3 class=\"wp-block-heading\">Enlla\u00e7os de tercers<\/h3>\n\n\n\n<p>Els enlla\u00e7os continguts al nostre lloc web poden adre\u00e7ar tamb\u00e9 a continguts web de tercers. En aquests casos Siqua actua com a prestador de serveis d&#8217;intermediaci\u00f3 de conformitat amb l&#8217;article 17 de la Llei 34\/2002 i nom\u00e9s ser\u00e0 responsable dels continguts i serveis subministrats a les p\u00e0gines web de tercers en la mesura que tingui coneixement efectiu de la il\u00b7licitud i no actu\u00ef amb dilig\u00e8ncia per suprimir o inutilitzar lenlla\u00e7.<\/p>\n\n\n\n<p>L&#8217;objectiu d&#8217;aquests enlla\u00e7os \u00e9s \u00fanicament facilitar-vos la cerca dels recursos que us puguin interessar a trav\u00e9s d&#8217;Internet. Aix\u00f2 no obstant, aquestes p\u00e0gines no pertanyen a \u201cSiqua\u201d, ni fa una revisi\u00f3 dels seus continguts i, per aix\u00f2, el titular \u201cSiqua\u201d no assumeix cap responsabilitat pel contingut, informacions o serveis que poguessin apar\u00e8ixer en aquests llocs. En cas que l&#8217;usuari consideri que hi ha un enlla\u00e7 amb contingut il\u00b7l\u00edcit podr\u00e0 comunicar-ho a \u201cSiqua\u201d a lidiablasco@fisioterapeutes.org sense que en cap cas aquesta comunicaci\u00f3 comporti l&#8217;obligaci\u00f3 de retirar el corresponent enlla\u00e7.<\/p>\n\n\n\n<p>El titular del lloc web tampoc no es pot fer responsable del funcionament de la p\u00e0gina enlla\u00e7ada o dels possibles danys que puguin derivar-se de l&#8217;acc\u00e9s o \u00fas d&#8217;aquesta.<\/p>\n\n\n\n<p>L&#8217;establiment de l&#8217;enlla\u00e7 amb una altra p\u00e0gina web no suposar\u00e0 cap tipus d&#8217;acord, contracte, patrocini ni recomanaci\u00f3 per part de Siqua.<\/p>\n\n\n\n<p>Siqua no es responsabilitza de cap manera ni garanteix la claredat, exactitud, fiabilitat, correcci\u00f3 o moralitat de continguts o serveis que l&#8217;establiment de l&#8217;enlla\u00e7 amb una altra p\u00e0gina web pugui oferir. L&#8217;usuari assumeix sota la seva responsabilitat exclusiva les conseq\u00fc\u00e8ncies, danys o accions que es puguin derivar de l&#8217;acc\u00e9s a la p\u00e0gina de l&#8217;enlla\u00e7.<\/p>\n\n\n\n<h3 class=\"wp-block-heading\">Xarxes socials<\/h3>\n\n\n\n<p>Addicionalment, \u201cSiqua\u201d t\u00e9 pres\u00e8ncia en xarxes socials per a les quals, si voleu con\u00e8ixer les condicions de privadesa i \u00fas de cookies, caldr\u00e0 consultar les pol\u00edtiques proporcionades pels mateixos:<\/p>\n\n\n\n<p>Facebook: https:\/\/www.facebook.com\/policies\/cookies\/<br>Twitter: https:\/\/twitter.com\/privacy<br>Youtube: https:\/\/policies.google.com\/technologies\/cookies?hl=ca<br>Linkedin: http:\/\/www.linkedin.com\/legal\/privacy-policy<br>Google: https:\/\/policies.google.com\/technologies\/cookies?hl=ca<br>Instagram: https:\/\/help.instagram.com\/<\/p>\n\n\n\n<p>Siqua no realitzar\u00e0 tractaments de dades personals en xarxes socials. Si mai necessiteu publicar alguna dada personal b\u00e0sica (per exemple nom i cognoms de l&#8217;usuari guanyador d&#8217;una sessi\u00f3 gratis de fisioter\u00e0pia) pr\u00e8viament sol\u00b7licitar\u00e0 consentiment expl\u00edcit.<\/p>\n\n\n\n<h2 class=\"wp-block-heading\">Llei Aplicable i jurisdicci\u00f3<\/h2>\n\n\n\n<p>La llei aplicable en cas de disputa o conflicte d&#8217;interpretaci\u00f3 dels termes que conformen aquest Av\u00eds Legal, aix\u00ed com qualsevol q\u00fcesti\u00f3 relacionada amb els serveis de la web de Siqua, ser\u00e0 la llei espanyola.<\/p>\n\n\n\n<p>Per a la resoluci\u00f3 de qualsevol conflicte que pugui sorgir de l&#8217;acc\u00e9s a la p\u00e0gina web, l&#8217;usuari i Siqua en els casos en qu\u00e8 la normativa prevegi la possibilitat de sotmetre&#8217;s a un fur, acorden sotmetre&#8217;s als Jutges i Tribunals de la ciutat de Barcelona , amb ren\u00fancia a qualsevol altre fur general o especial que els pogu\u00e9s correspondre.<\/p>\n","protected":false},"excerpt":{"rendered":"<p>En compliment amb el que estableix l&#8217;article 10 de la Llei 34\/2002 d&#8217;11 de juliol, de serveis de la Societat de la Informaci\u00f3 i el Comer\u00e7 Electr\u00f2nic (LSSICE), s&#8217;informa dels aspectes legals seg\u00fcents: Propietat del lloc web Condicions generals d&#8217;\u00fas Titular Siqua, com a titular i responsable del present lloc web, posa a disposici\u00f3 dels [&hellip;]<\/p>\n","protected":false},"author":1,"featured_media":0,"parent":0,"menu_order":0,"comment_status":"closed","ping_status":"closed","template":"","meta":{"_et_pb_use_builder":"off","_et_pb_old_content":"<div class=\"et_pb_row et_pb_row_0\">\r\n<div class=\"et_pb_column et_pb_column_4_4 et_pb_column_0  et_pb_css_mix_blend_mode_passthrough et-last-child\">\r\n<div class=\"et_pb_module et_pb_text et_pb_text_0  et_pb_text_align_left et_pb_bg_layout_light\">\r\n<div class=\"et_pb_text_inner\">\r\n<h2>IDENTITAT DEL TITULAR DEL LLOC WEB<\/h2>\r\n<table>\r\n<tbody>\r\n<tr>\r\n<th>Nom comercial<\/th>\r\n<td>Artic Agency<\/td>\r\n<\/tr>\r\n<tr>\r\n<th>Denominaci\u00f3 social<\/th>\r\n<td>Artic Agency, S.L. (des d\u2019ara EL TITULAR DEL WEB)<\/td>\r\n<\/tr>\r\n<tr>\r\n<th>NIF<\/th>\r\n<td>T-35793508<\/td>\r\n<\/tr>\r\n<tr>\r\n<th>Adre\u00e7a<\/th>\r\n<td>Rbla. Sant Francesc 18\r\n08720 Vilafranca del Pened\u00e8s<\/td>\r\n<\/tr>\r\n<tr>\r\n<th>Tel\u00e8fon<\/th>\r\n<td>641 483 633<\/td>\r\n<\/tr>\r\n<tr>\r\n<th>eMail<\/th>\r\n<td>info@articagency.com<\/td>\r\n<\/tr>\r\n<\/tbody>\r\n<\/table>\r\n<h2>TERMES LEGALS I CONDICIONS<\/h2>\r\nLa utilitzaci\u00f3 d\u2019aquest lloc web atribueix al navegant la condici\u00f3 d\u2019usuari del lloc, la qual cosa implica l\u2019adhesi\u00f3 a les presents condicions en la versi\u00f3 publicada en el moment en qu\u00e8 es permetre l\u2019entrada. Per aix\u00f2, EL TITULAR DEL WEB recomana a l\u2019usuari llegir les mateixes atentament cada vegada que accedeixi al lloc web. L\u2019acc\u00e9s a determinats continguts oferts a trav\u00e9s d\u2019aquest lloc web pot trobar-se sotm\u00e8s a certes condicions particulars pr\u00f2pies que, segons els casos, substitueixen, completen i \/ o modifiquen aquestes condicions generals. Per tant, amb anterioritat a l\u2019acc\u00e9s i \/ o utilitzaci\u00f3 d\u2019aquests continguts, l\u2019usuari ha de llegir atentament tamb\u00e9 les corresponents condicions particulars. EL TITULAR DEL WEB podr\u00e0 alterar en qualsevol moment i sense previ av\u00eds, el disseny, presentaci\u00f3 i \/ o configuraci\u00f3 del lloc Web, aix\u00ed com alguns o tots els Continguts, i modificar les condicions generals i \/ o condicions particulars requerides per utilitzar els mateixos.\r\n<h2>RESPONSABILITAT I GARANTIA DEL TITULAR DEL WEB<\/h2>\r\n<h3>ACC\u00c9S<\/h3>\r\nAmb car\u00e0cter general, els usuaris podran accedir al lloc web de forma lliure i gratu\u00efta. No obstant aix\u00f2 EL TITULAR DEL WEB es reserva acord amb la legislaci\u00f3 vigent el dret de limitar l\u2019acc\u00e9s a determinades \u00e1rees del lloc web. En aquests casos, com a requisit previ per poder accedir al servei, l\u2019Usuari haur\u00e0 de registrar-se facilitant tota la informaci\u00f2 sol.licitada, de forma actualitzada i real (vegeu pol\u00edtica de privacitat). L\u2019\u00fas de la contrasenya \u00e9s personal i intransferible, no estant permesa la cessi\u00f3, ni tan sols temporal, a tercers. En aquest sentit, l\u2019Usuari es compromet a fer un \u00e9s diligent ia mantenir en secret la mateixa, assumint tota responsabilitat per les conseq\u00fc\u00e8ncies de la seva divulgaci\u00f3 a tercers.\r\n<h3>CONTINGUTS<\/h3>\r\nEL TITULAR DEL WEB es reserva el dret a interrompre l\u2019acc\u00e9s al seu lloc web, aix\u00ed com la prestaci\u00f3 de qualsevol o de tots els Continguts que es presten a trav\u00e9s del mateix en qualsevol moment i sense previ av\u00eds, ja sigui per motius t\u00e8cnics, de seguretat, de control, de manteniment, per fallades de subministrament el\u00e8ctric o per qualsevol altra causa. Aquesta interrupci\u00f3 podr\u00e0 tenir car\u00e0cter temporal o definitiu, en aquest cas es comunicar\u00e0 tal circumst\u00e0ncia als Usuaris, els quals podran sofrir la p\u00e8rdua, si escau, de la informaci\u00f3 emmagatzemada en els diferents serveis. En conseq\u00fc\u00e8ncia, EL TITULAR DEL WEB no garanteix la fiabilitat, la disponibilitat ni la continu\u00eftat del seu lloc web ni dels Continguts, tant els propis com els d\u2019altres llocs web als quals es pugui accedir mitjan\u00e7ant enlla\u00e7os, de manera que la utilitzaci\u00f3 de els mateixos per part de l\u2019Usuari es porta a terme pel seu propi compte i risc, sense que, en cap moment, puguin exigir responsabilitats a EL TITULAR DE LA WEB en aquest sentit. EL TITULAR DEL WEB no ser\u00e0 responsable de qualsevol tipus de perjudici, p\u00e8rdues, reclamacions o despeses de cap tipus, de la Informaci\u00f3 adquirida o accedida per oa trav\u00e9s del lloc web, de virus inform\u00e0tics, de fallades operatives o d\u2019interrupcions en el servei o transmissi\u00f3 , o fallades en la l\u00ednia. Queda prohibit transmetre o enviar a trav\u00e9s del lloc web qualsevol contingut il legal o il l\u00edcit, virus inform\u00e0tics, o missatges que, en general, afectin o violin drets d\u2019EL TITULAR DEL WEB o de tercers.\r\n<h3>PROPIETAT INDUSTRIAL I INTEL.LECTUAL<\/h3>\r\nAquesta web \u00e9s propietat d\u2019EL TITULAR DE LA WEB. Els drets de Propietat Intel lectual i drets d\u2019explotaci\u00f3 i reproducci\u00f3 d\u2019aquesta web, de les seves p\u00e0gines, pantalles, la informaci\u00f3 que contenen, la seva aparen\u00e7a i disseny, aix\u00ed com els vincles que s\u2019estableixin des d\u2019ella a altres p\u00e0gines, s\u00f3n propietat exclusiva d\u2019aquest, llevat que s\u2019especifiqui una altra cosa. Totes les denominacions, dissenys i \/ o logotips que componen aquesta p\u00e0gina s\u00f3n marques degudament registrades. Qualsevol \u00e9s indegut de les mateixes per persona diferent del seu leg\u00f3tim titular podr\u00e0 ser perseguit de conformitat amb la legislaci\u00f3 vigent. Els drets de propietat intel lectual i marques de tercers estan destacats convenientment i han de ser respectats per tot aquell que accedeixi a la web. Nom\u00e9s per a \u00fas personal i privat es permet descarregar els continguts, copiar o imprimir qualsevol p\u00e0gina d\u2019aquesta web. Queda prohibit reproduir, transmetre, modificar o suprimir la informaci\u00f3, contingut o advertiments d\u2019aquesta web sense la pr\u00e8via autoritzaci\u00f3 escrita d\u2019EL TITULAR DE LA WEB.\r\n<h2>LEGISLACI\u00d3 APLICABLE<\/h2>\r\nLes presents condicions generals es regeixen per la legislaci\u00f3 espanyola.\r\n<h2>POL\u00cdTICA DE PRIVACITAT<\/h2>\r\nAls efectes del que disposa la normativa vigent relativa a la protecci\u00f3 de dades de car\u00e0cter personal, EL TITULAR DEL WEB informa que les dades personals que ens pogu\u00e9s facilitar durant la navegaci\u00f3 pel nostre lloc web seran incorporades a un tractament de dades de responsabilitat de EL TITULAR DEL WEB, amb l\u2019\u00fanica finalitat de poder gestionar la seva petici\u00f2. Nom\u00e9s en el cas que l\u2019usuari hagi donat el seu consentiment expr\u00e9s, EL TITULAR DEL WEB li enviar\u00e0 informaci\u00f3; t\u00e8cnica, operativa i comercial, per qualsevol mitj\u00e0, incl\u00f2s el correu electr\u00f2nic i \/ o mitj\u00e0 equivalent, sobre productes, serveis, ofertes i novetats que considerem d\u2019inter\u00e8s per l\u2019usuari. EL TITULAR DEL WEB es compromet al compliment de la seva obligaci\u00f3 de secret de les dades de car\u00e0cter personal i del seu deure de guardar i adoptar\u00e0 les mesures necess\u00e0ries per evitar la seva alteraci\u00f3, p\u00e8rdua, tractament o acc\u00e9s no autoritzat, tenint en compte en tot moment l\u2019estat de la tecnologia, complint amb les mesures de seguretat t\u00e8cniques i organitzatives. Finalment, l\u2019informem sobre la possibilitat d\u2019exercitar els drets d\u2019acc\u00e9s, rectificaci\u00f3, cancel.laci\u00f3 i oposici\u00f3 mitjan\u00e7ant formulari adre\u00e7at a l\u2019administrador del sistema.\r\n\r\n<\/div>\r\n<\/div>\r\n<\/div>\r\n<\/div>\r\n<div class=\"et_pb_row et_pb_row_1\"><\/div>","_et_gb_content_width":"1080","footnotes":""},"class_list":["post-39","page","type-page","status-publish","hentry"],"_links":{"self":[{"href":"https:\/\/siqua.cat\/ca\/wp-json\/wp\/v2\/pages\/39","targetHints":{"allow":["GET"]}}],"collection":[{"href":"https:\/\/siqua.cat\/ca\/wp-json\/wp\/v2\/pages"}],"about":[{"href":"https:\/\/siqua.cat\/ca\/wp-json\/wp\/v2\/types\/page"}],"author":[{"embeddable":true,"href":"https:\/\/siqua.cat\/ca\/wp-json\/wp\/v2\/users\/1"}],"replies":[{"embeddable":true,"href":"https:\/\/siqua.cat\/ca\/wp-json\/wp\/v2\/comments?post=39"}],"version-history":[{"count":0,"href":"https:\/\/siqua.cat\/ca\/wp-json\/wp\/v2\/pages\/39\/revisions"}],"wp:attachment":[{"href":"https:\/\/siqua.cat\/ca\/wp-json\/wp\/v2\/media?parent=39"}],"curies":[{"name":"wp","href":"https:\/\/api.w.org\/{rel}","templated":true}]}}